{"id":115,"date":"2015-12-17T16:54:57","date_gmt":"2015-12-17T15:54:57","guid":{"rendered":"http:\/\/aueschule-finkenwerder.hamburg.de\/?page_id=115"},"modified":"2018-03-09T19:33:53","modified_gmt":"2018-03-09T18:33:53","slug":"geschichte-der-aueschule","status":"publish","type":"page","link":"https:\/\/aueschule-finkenwerder.hamburg.de\/?page_id=115","title":{"rendered":"Geschichte der Aueschule"},"content":{"rendered":"<p><a href=\"https:\/\/aueschule-finkenwerder.hamburg.de\/wp-content\/uploads\/sites\/153\/2015\/12\/aueschule-1902-kleiner.jpg\" rel=\"attachment wp-att-116\"><img loading=\"lazy\" decoding=\"async\" class=\"wp-image-116 aligncenter\" src=\"https:\/\/aueschule-finkenwerder.hamburg.de\/wp-content\/uploads\/sites\/153\/2015\/12\/aueschule-1902-kleiner-300x225.jpg\" alt=\"aueschule-1902 kleiner\" width=\"408\" height=\"306\" srcset=\"https:\/\/aueschule-finkenwerder.hamburg.de\/wp-content\/uploads\/sites\/153\/2015\/12\/aueschule-1902-kleiner-300x225.jpg 300w, https:\/\/aueschule-finkenwerder.hamburg.de\/wp-content\/uploads\/sites\/153\/2015\/12\/aueschule-1902-kleiner.jpg 480w\" sizes=\"auto, (max-width: 408px) 100vw, 408px\" \/><\/a><\/p>\n<div class=\"page\" title=\"Page 1\">\n<div class=\"section\">\n<div class=\"layoutArea\">\n<div class=\"column\">\n<p>Die Aueschule gibt es schon seit 1827.<br \/>\nIm Jahr 2002 haben wir unser 175-Jahre-Jubil\u00e4umsfest gefeiert.<\/p>\n<p>Hier sieht man die Sch\u00fcler der \u00e4lteren Klasse zusammen mit dem Schulleiter Johns um das Jahr 1900 vor den T\u00fcren des Altbaus.<\/p>\n<p>Wer sich \u00fcber die Geschichte der Aueschule genauer informieren will, kann sich die <a href=\"https:\/\/aueschule-finkenwerder.hamburg.de\/wp-content\/uploads\/sites\/153\/2016\/10\/Chronik-der-Aueschule.pdf\" target=\"_blank\" rel=\"noopener\"><span style=\"color: #000080\"><strong>Chronik<\/strong><\/span><\/a> (in Stichworten) oder die lange <span style=\"color: #000080\"><strong><a style=\"color: #000080\" href=\"https:\/\/aueschule-finkenwerder.hamburg.de\/wp-content\/uploads\/sites\/153\/2015\/12\/Festakt-175-Jahre-Aueschule-Sept-2002.pdf\" target=\"_blank\" rel=\"noopener\">Rede vom Festakt<\/a><\/strong><\/span>\u00a0herunterladen.<\/p>\n<\/div>\n<\/div>\n<\/div>\n<\/div>\n","protected":false},"excerpt":{"rendered":"<p>Die Aueschule gibt es schon seit 1827. Im Jahr 2002 haben wir unser 175-Jahre-Jubil\u00e4umsfest gefeiert. Hier sieht man die Sch\u00fcler der \u00e4lteren Klasse zusammen mit dem Schulleiter Johns um das Jahr 1900 vor den T\u00fcren des Altbaus. Wer sich \u00fcber die Geschichte der Aueschule genauer informieren will, kann sich die Chronik (in Stichworten) oder die &hellip; <a href=\"https:\/\/aueschule-finkenwerder.hamburg.de\/?page_id=115\" class=\"more-link\"><span class=\"screen-reader-text\">Geschichte der Aueschule<\/span> weiterlesen <span class=\"meta-nav\">&rarr;<\/span><\/a><\/p>\n","protected":false},"author":470,"featured_media":0,"parent":0,"menu_order":0,"comment_status":"closed","ping_status":"closed","template":"","meta":{"_acf_changed":false,"footnotes":""},"class_list":["post-115","page","type-page","status-publish","hentry"],"acf":[],"_links":{"self":[{"href":"https:\/\/aueschule-finkenwerder.hamburg.de\/index.php?rest_route=\/wp\/v2\/pages\/115","targetHints":{"allow":["GET"]}}],"collection":[{"href":"https:\/\/aueschule-finkenwerder.hamburg.de\/index.php?rest_route=\/wp\/v2\/pages"}],"about":[{"href":"https:\/\/aueschule-finkenwerder.hamburg.de\/index.php?rest_route=\/wp\/v2\/types\/page"}],"author":[{"embeddable":true,"href":"https:\/\/aueschule-finkenwerder.hamburg.de\/index.php?rest_route=\/wp\/v2\/users\/470"}],"replies":[{"embeddable":true,"href":"https:\/\/aueschule-finkenwerder.hamburg.de\/index.php?rest_route=%2Fwp%2Fv2%2Fcomments&post=115"}],"version-history":[{"count":2,"href":"https:\/\/aueschule-finkenwerder.hamburg.de\/index.php?rest_route=\/wp\/v2\/pages\/115\/revisions"}],"predecessor-version":[{"id":867,"href":"https:\/\/aueschule-finkenwerder.hamburg.de\/index.php?rest_route=\/wp\/v2\/pages\/115\/revisions\/867"}],"wp:attachment":[{"href":"https:\/\/aueschule-finkenwerder.hamburg.de\/index.php?rest_route=%2Fwp%2Fv2%2Fmedia&parent=115"}],"curies":[{"name":"wp","href":"https:\/\/api.w.org\/{rel}","templated":true}]}}