{"id":151,"date":"2016-01-21T22:09:49","date_gmt":"2016-01-21T21:09:49","guid":{"rendered":"http:\/\/aueschule-finkenwerder.hamburg.de\/?page_id=151"},"modified":"2018-03-12T21:12:18","modified_gmt":"2018-03-12T20:12:18","slug":"inklusive-gundschule-schwerpunktschule","status":"publish","type":"page","link":"https:\/\/aueschule-finkenwerder.hamburg.de\/?page_id=151","title":{"rendered":"Inklusive Grundschule &#8211; Schwerpunktschule"},"content":{"rendered":"<h5>Inklusive Grundschule , Schwerpunktschule \u2013 was bedeutet das?<\/h5>\n<p>Wie alle Hamburger Grundschulen ist die Aueschule eine <span style=\"color: #333333\"><strong>inklusive Schule<\/strong><\/span>. Das bedeutet, dass Kinder mit sonderp\u00e4dagogischem F\u00f6rderbedarf das Recht darauf haben, an allgemeinbildenden Schulen unterrichtet und gef\u00f6rdert zu werden.<\/p>\n<p><span style=\"color: #333333;background-color: #ffffff\"><strong>Sonderp\u00e4dagogischer F\u00f6rderbedarf<\/strong> <\/span>kann in folgenden F\u00f6rderschwerpunkten festgestellt werden:<br \/>\n\u2022 Lernen<br \/>\n\u2022 Sprache<br \/>\n\u2022 Emotionale und soziale Entwicklung<br \/>\n\u2022 K\u00f6rperliche und motorische Entwicklung<br \/>\n\u2022 Geistige Entwicklung<br \/>\n\u2022 H\u00f6ren (Geh\u00f6rlosigkeit und Schwerh\u00f6rigkeit)<br \/>\n\u2022 Sehen (Blindheit und Sehbehinderung)<br \/>\n\u2022 Autismus<br \/>\n\u2022 und in besonderen Ausnahmef\u00e4llen im F\u00f6rderschwerpunkt P\u00e4dagogik bei Krankheit.<\/p>\n<p>In Hamburg werden im Zuge der Umsetzung der Inklusion einige Schulen als sogenannte <span style=\"color: #333333\"><strong>Schwerpunktschulen<\/strong><\/span> bezeichnet. Diese Schulen werden f\u00fcr die Sch\u00fclerinnen und Sch\u00fcler vorgehalten, die einen F\u00f6rderschwerpunkt geistige Entwicklung, k\u00f6rperliche und motorische Entwicklung, Autismus, Sehen oder H\u00f6ren haben.<\/p>\n<p>Dabei werden vor allem die <strong>Integrationserfahrung<\/strong> mit Sch\u00fclerinnen und Sch\u00fclern mit <strong>speziellem sonderp\u00e4dagogischen F\u00f6rderbedarf<\/strong>, dar\u00fcber hinaus die Erreichbarkeit f\u00fcr Sch\u00fclerinnen und Sch\u00fcler, die baulichen Bedingungen und die Ausstattung der Schule, das bisherige Schulwahlverhalten f\u00fcr\u00a0Sch\u00fclerinnen und Sch\u00fclern mit speziellem sonderp\u00e4dagogischem F\u00f6rderbedarf sowie die bedarfsgerechte Verteilung der Standorte nach Region\/Bezirk und Schulform, ber\u00fccksichtigt.<\/p>\n<p>&nbsp;<\/p>\n","protected":false},"excerpt":{"rendered":"<p>Inklusive Grundschule , Schwerpunktschule \u2013 was bedeutet das? Wie alle Hamburger Grundschulen ist die Aueschule eine inklusive Schule. Das bedeutet, dass Kinder mit sonderp\u00e4dagogischem F\u00f6rderbedarf das Recht darauf haben, an allgemeinbildenden Schulen unterrichtet und gef\u00f6rdert zu werden. Sonderp\u00e4dagogischer F\u00f6rderbedarf kann in folgenden F\u00f6rderschwerpunkten festgestellt werden: \u2022 Lernen \u2022 Sprache \u2022 Emotionale und soziale Entwicklung \u2022 &hellip; <a href=\"https:\/\/aueschule-finkenwerder.hamburg.de\/?page_id=151\" class=\"more-link\"><span class=\"screen-reader-text\">Inklusive Grundschule &#8211; Schwerpunktschule<\/span> weiterlesen <span class=\"meta-nav\">&rarr;<\/span><\/a><\/p>\n","protected":false},"author":470,"featured_media":0,"parent":0,"menu_order":0,"comment_status":"closed","ping_status":"closed","template":"","meta":{"_acf_changed":false,"footnotes":""},"class_list":["post-151","page","type-page","status-publish","hentry"],"acf":[],"_links":{"self":[{"href":"https:\/\/aueschule-finkenwerder.hamburg.de\/index.php?rest_route=\/wp\/v2\/pages\/151","targetHints":{"allow":["GET"]}}],"collection":[{"href":"https:\/\/aueschule-finkenwerder.hamburg.de\/index.php?rest_route=\/wp\/v2\/pages"}],"about":[{"href":"https:\/\/aueschule-finkenwerder.hamburg.de\/index.php?rest_route=\/wp\/v2\/types\/page"}],"author":[{"embeddable":true,"href":"https:\/\/aueschule-finkenwerder.hamburg.de\/index.php?rest_route=\/wp\/v2\/users\/470"}],"replies":[{"embeddable":true,"href":"https:\/\/aueschule-finkenwerder.hamburg.de\/index.php?rest_route=%2Fwp%2Fv2%2Fcomments&post=151"}],"version-history":[{"count":2,"href":"https:\/\/aueschule-finkenwerder.hamburg.de\/index.php?rest_route=\/wp\/v2\/pages\/151\/revisions"}],"predecessor-version":[{"id":810,"href":"https:\/\/aueschule-finkenwerder.hamburg.de\/index.php?rest_route=\/wp\/v2\/pages\/151\/revisions\/810"}],"wp:attachment":[{"href":"https:\/\/aueschule-finkenwerder.hamburg.de\/index.php?rest_route=%2Fwp%2Fv2%2Fmedia&parent=151"}],"curies":[{"name":"wp","href":"https:\/\/api.w.org\/{rel}","templated":true}]}}