{"id":20,"date":"2015-02-24T16:25:35","date_gmt":"2015-02-24T15:25:35","guid":{"rendered":"http:\/\/aueschule-finkenwerder.schulhomepages.hamburg.de\/?page_id=20"},"modified":"2022-04-24T11:31:41","modified_gmt":"2022-04-24T09:31:41","slug":"ganztagsschule-2","status":"publish","type":"page","link":"https:\/\/aueschule-finkenwerder.hamburg.de\/?page_id=20","title":{"rendered":"Ganztagsschule"},"content":{"rendered":"<p><span style=\"font-size: 14pt\"><strong>Teilgebundene Ganztagsschule in Eigenregie (GTS)<\/strong><\/span><\/p>\n<p><span style=\"font-size: 14pt\">Die Aueschule ist eine teilgebundene Ganztagsschule. <\/span><br \/>\n<span style=\"font-size: 14pt\">Am Dienstag und Donnerstag haben alle Kinder der Klassen 1-4 <\/span><span style=\"font-size: 14pt\">Unterricht bis 15:30Uhr Schule; Montag, Mittwoch und Freitag\u00a0bis13:00 Uhr. Montag und Mittwoch k\u00f6nnen anschlie\u00dfend Kurse gew\u00e4hlt werden. Am Freitag gibt es ein Betreuungsangebot. <\/span><\/p>\n<p><span style=\"font-size: 14pt\">F\u00fcr Vorschulkinder gibt es eine eigene kostenpflichtige Nachmittagsgruppe.<\/span><\/p>\n<p><span style=\"font-size: 14pt\">Zus\u00e4tzlich bieten wir kostenpflichtig Fr\u00fchbetreuung von 6.00-8.00 Uhr, Sp\u00e4tbetreuung von 16.00-18.00 Uhr und Ferienbetreuung an. <\/span><\/p>\n<p><span style=\"font-size: 14pt\">Als GTS\u00a0 sind wir f\u00fcr alle Kurs- und Betreuungsangebote selber zust\u00e4ndig und verantwortlich.<\/span><\/p>\n<p><span style=\"font-size: 14pt\">Unser Mittagessen erhalten wir von einem externen Caterer. N\u00e4heres \u00fcber unseren Caterer Lollo Rossa erfahren Sie auf dessen Homepage.<\/span><\/p>\n<p><strong>Links:<\/strong><\/p>\n<p><a href=\"https:\/\/aueschule-finkenwerder.hamburg.de\/?page_id=40\"><strong>Mittagessen &#8211; Men\u00fcplan<\/strong><\/a><\/p>\n<p><a href=\"https:\/\/aueschule-finkenwerder.hamburg.de\/?p=940\"><strong>Die Mensa im Auedrachen<\/strong><\/a><\/p>\n<p><a href=\"https:\/\/aueschule-finkenwerder.hamburg.de\/?p=655\"><strong>Ferienbetreuung in der Aueschule<\/strong><\/a><\/p>\n<p><strong><a href=\"https:\/\/aueschule-finkenwerder.hamburg.de\/?p=1774\">Wochenstrukturplan<\/a> <\/strong><\/p>\n<p><strong><a href=\"http:\/\/www.lollorossacatering.de\">http:\/\/www.lollorossacatering.de<\/a><br \/>\n<\/strong><\/p>\n","protected":false},"excerpt":{"rendered":"<p>Teilgebundene Ganztagsschule in Eigenregie (GTS) Die Aueschule ist eine teilgebundene Ganztagsschule. Am Dienstag und Donnerstag haben alle Kinder der Klassen 1-4 Unterricht bis 15:30Uhr Schule; Montag, Mittwoch und Freitag\u00a0bis13:00 Uhr. Montag und Mittwoch k\u00f6nnen anschlie\u00dfend Kurse gew\u00e4hlt werden. Am Freitag gibt es ein Betreuungsangebot. F\u00fcr Vorschulkinder gibt es eine eigene kostenpflichtige Nachmittagsgruppe. Zus\u00e4tzlich bieten wir &hellip; <a href=\"https:\/\/aueschule-finkenwerder.hamburg.de\/?page_id=20\" class=\"more-link\"><span class=\"screen-reader-text\">Ganztagsschule<\/span> weiterlesen <span class=\"meta-nav\">&rarr;<\/span><\/a><\/p>\n","protected":false},"author":242,"featured_media":0,"parent":0,"menu_order":0,"comment_status":"closed","ping_status":"closed","template":"","meta":{"_acf_changed":false,"footnotes":""},"class_list":["post-20","page","type-page","status-publish","hentry"],"acf":[],"_links":{"self":[{"href":"https:\/\/aueschule-finkenwerder.hamburg.de\/index.php?rest_route=\/wp\/v2\/pages\/20","targetHints":{"allow":["GET"]}}],"collection":[{"href":"https:\/\/aueschule-finkenwerder.hamburg.de\/index.php?rest_route=\/wp\/v2\/pages"}],"about":[{"href":"https:\/\/aueschule-finkenwerder.hamburg.de\/index.php?rest_route=\/wp\/v2\/types\/page"}],"author":[{"embeddable":true,"href":"https:\/\/aueschule-finkenwerder.hamburg.de\/index.php?rest_route=\/wp\/v2\/users\/242"}],"replies":[{"embeddable":true,"href":"https:\/\/aueschule-finkenwerder.hamburg.de\/index.php?rest_route=%2Fwp%2Fv2%2Fcomments&post=20"}],"version-history":[{"count":4,"href":"https:\/\/aueschule-finkenwerder.hamburg.de\/index.php?rest_route=\/wp\/v2\/pages\/20\/revisions"}],"predecessor-version":[{"id":3914,"href":"https:\/\/aueschule-finkenwerder.hamburg.de\/index.php?rest_route=\/wp\/v2\/pages\/20\/revisions\/3914"}],"wp:attachment":[{"href":"https:\/\/aueschule-finkenwerder.hamburg.de\/index.php?rest_route=%2Fwp%2Fv2%2Fmedia&parent=20"}],"curies":[{"name":"wp","href":"https:\/\/api.w.org\/{rel}","templated":true}]}}