{"id":2588,"date":"2020-10-07T11:53:52","date_gmt":"2020-10-07T09:53:52","guid":{"rendered":"https:\/\/aueschule-finkenwerder.hamburg.de\/?page_id=2588"},"modified":"2023-09-11T08:01:42","modified_gmt":"2023-09-11T06:01:42","slug":"schulinspektion-2019","status":"publish","type":"page","link":"https:\/\/aueschule-finkenwerder.hamburg.de\/?page_id=2588","title":{"rendered":"Schulinspektion 2023"},"content":{"rendered":"<p>Zum Ende des Schuljahres 2022-23 hat uns die Schulinspektion besucht, den Unterricht und die Ganztagsangebote hospitiert und Interviews mit Kindern, Eltern und P\u00e4dagog*innen gef\u00fchrt. Das Ergebnis kann sich jeder im Internet anschauen unter <span style=\"text-decoration: underline\"><strong><a href=\"http:\/\/www.hamburg.de\/inspektionsberichte\">www.hamburg.de\/inspektionsberichte<\/a><\/strong><\/span>.<\/p>\n<p>Am meisten gefreut hat uns, dass alle vier Inspektor*innen unabh\u00e4ngig voneinander die Freundlichkeit und den Gemeinschaftssinn unserer Sch\u00fclerinnen und Sch\u00fcler gelobt haben. Auch wenn wir nat\u00fcrlich wissen, dass nicht immer alle freundlich und friedlich miteinander umgehen, ist es doch ermutigend und richtig sch\u00f6n zu h\u00f6ren, dass G\u00e4ste, die sich drei Tage durchgehend an unserer Schule aufhalten, zu folgendem Schluss kommen:<\/p>\n<p><em>Die Aueschule Finkenwerder ist ein entwicklungsf\u00f6rdernder, den kooperativen und freundlichen Umgang st\u00e4rkender Lern- und Lebensort f\u00fcr ihre Sch\u00fclerinnen und Sch\u00fcler. <\/em>(Anfangszitat aus der Pr\u00e4sentation der Schulinspektion, 4.7.23)<\/p>\n<p>&nbsp;<\/p>\n","protected":false},"excerpt":{"rendered":"<p>Zum Ende des Schuljahres 2022-23 hat uns die Schulinspektion besucht, den Unterricht und die Ganztagsangebote hospitiert und Interviews mit Kindern, Eltern und P\u00e4dagog*innen gef\u00fchrt. Das Ergebnis kann sich jeder im Internet anschauen unter www.hamburg.de\/inspektionsberichte. Am meisten gefreut hat uns, dass alle vier Inspektor*innen unabh\u00e4ngig voneinander die Freundlichkeit und den Gemeinschaftssinn unserer Sch\u00fclerinnen und Sch\u00fcler gelobt &hellip; <a href=\"https:\/\/aueschule-finkenwerder.hamburg.de\/?page_id=2588\" class=\"more-link\"><span class=\"screen-reader-text\">Schulinspektion 2023<\/span> weiterlesen <span class=\"meta-nav\">&rarr;<\/span><\/a><\/p>\n","protected":false},"author":1167,"featured_media":0,"parent":0,"menu_order":0,"comment_status":"closed","ping_status":"closed","template":"","meta":{"_acf_changed":false,"footnotes":""},"class_list":["post-2588","page","type-page","status-publish","hentry"],"acf":[],"_links":{"self":[{"href":"https:\/\/aueschule-finkenwerder.hamburg.de\/index.php?rest_route=\/wp\/v2\/pages\/2588","targetHints":{"allow":["GET"]}}],"collection":[{"href":"https:\/\/aueschule-finkenwerder.hamburg.de\/index.php?rest_route=\/wp\/v2\/pages"}],"about":[{"href":"https:\/\/aueschule-finkenwerder.hamburg.de\/index.php?rest_route=\/wp\/v2\/types\/page"}],"author":[{"embeddable":true,"href":"https:\/\/aueschule-finkenwerder.hamburg.de\/index.php?rest_route=\/wp\/v2\/users\/1167"}],"replies":[{"embeddable":true,"href":"https:\/\/aueschule-finkenwerder.hamburg.de\/index.php?rest_route=%2Fwp%2Fv2%2Fcomments&post=2588"}],"version-history":[{"count":4,"href":"https:\/\/aueschule-finkenwerder.hamburg.de\/index.php?rest_route=\/wp\/v2\/pages\/2588\/revisions"}],"predecessor-version":[{"id":4550,"href":"https:\/\/aueschule-finkenwerder.hamburg.de\/index.php?rest_route=\/wp\/v2\/pages\/2588\/revisions\/4550"}],"wp:attachment":[{"href":"https:\/\/aueschule-finkenwerder.hamburg.de\/index.php?rest_route=%2Fwp%2Fv2%2Fmedia&parent=2588"}],"curies":[{"name":"wp","href":"https:\/\/api.w.org\/{rel}","templated":true}]}}