{"id":2601,"date":"2021-10-30T12:21:58","date_gmt":"2021-10-30T10:21:58","guid":{"rendered":"https:\/\/aueschule-finkenwerder.hamburg.de\/?page_id=2601"},"modified":"2023-09-07T10:15:03","modified_gmt":"2023-09-07T08:15:03","slug":"die-beratungslehrerin","status":"publish","type":"page","link":"https:\/\/aueschule-finkenwerder.hamburg.de\/?page_id=2601","title":{"rendered":"Die Beratungslehrerinnen"},"content":{"rendered":"<p><em>\u201eDer erste Schritt zur L\u00f6sung eines Problems ist, es mit jemandem zu besprechen.\u201c <\/em><\/p>\n<p>Peter E. Schumacher<\/p>\n<p><img loading=\"lazy\" decoding=\"async\" class=\"alignnone size-medium wp-image-4104\" src=\"https:\/\/aueschule-finkenwerder.hamburg.de\/wp-content\/uploads\/sites\/153\/2022\/09\/1648FB9C-0780-4A35-99A5-67D2FACBE5BE-300x181.jpeg\" alt=\"\" width=\"300\" height=\"181\" srcset=\"https:\/\/aueschule-finkenwerder.hamburg.de\/wp-content\/uploads\/sites\/153\/2022\/09\/1648FB9C-0780-4A35-99A5-67D2FACBE5BE-300x181.jpeg 300w, https:\/\/aueschule-finkenwerder.hamburg.de\/wp-content\/uploads\/sites\/153\/2022\/09\/1648FB9C-0780-4A35-99A5-67D2FACBE5BE-150x90.jpeg 150w, https:\/\/aueschule-finkenwerder.hamburg.de\/wp-content\/uploads\/sites\/153\/2022\/09\/1648FB9C-0780-4A35-99A5-67D2FACBE5BE.jpeg 1023w\" sizes=\"auto, (max-width: 300px) 100vw, 300px\" \/><br \/>\nTanja Gust und Beate Franck<\/p>\n<p>Wenn es in der Schule nicht so l\u00e4uft wie geplant oder das Leben mal schwerf\u00e4llt, stehen wir Beratungslehrerinnen gern zur Verf\u00fcgung. Alle Eltern und Sorgeberechtigten, Kinder, P\u00e4dagoginnen und P\u00e4dagogen der Aueschule k\u00f6nnen unsere Beratungsangebote nutzen.<\/p>\n<p>Jede Beratung braucht Zeit. Sie ist <strong>freiwillig<\/strong>, <strong>vertraulich<\/strong> und <strong>l\u00f6sungsorientiert<\/strong>. Wir bieten keine Patentrezepte und treffen keine Entscheidungen aber:<\/p>\n<p>Wir h\u00f6ren zu und bieten Gelegenheit, um in Ruhe miteinander zu sprechen. Wir unterst\u00fctzen bei der Kl\u00e4rung einer Problemsituation. Gemeinsam entwickeln wir neue Sichtweisen und helfen, eigene L\u00f6sungen zu finden, leisten also \u201eHilfe zur Selbsthilfe\u201c. Bei Bedarf helfen wir bei der Kontaktaufnahme und \u2013vermittlung zu anderen beratenden Institutionen oder Experten. In Konfliktsituationen sind wir neutral und stehen auf keiner Seite.<\/p>\n<p>Vereinbaren Sie gern einen Termin mit uns.<\/p>\n<p>Ihre Beratungslehrerinnen<\/p>\n<p>Tanja Gust und Beate Franck<\/p>\n<p>Kontakt:<\/p>\n<p><a href=\"mailto:Tanja.Gust@auefi.hamburg.de\">Tanja.Gust@auefi.hamburg.de<\/a> , Tel. Schulsekretariat: (040) 428 7615 0<\/p>\n<p>(Hinterlassen Sie einfach Ihren Namen und Ihre Telefonnummer. Ich rufe zur\u00fcck.)<\/p>\n<p><strong>Unsere Beratungsangebote<\/strong> (exemplarisch)<\/p>\n<p>Beratung f\u00fcr Lehrer und Lehrerinnen:<\/p>\n<ul>\n<li>bei Verhaltensauff\u00e4lligkeiten einzelner Sch\u00fclerinnen und Sch\u00fcler<\/li>\n<li>bei der Suche nach geeigneten Hilfsangeboten f\u00fcr einzelne Sch\u00fclerinnen und Sch\u00fcler<\/li>\n<li>bei der Verbesserung des Lernklimas und der St\u00e4rkung Klassengemeinschaft<\/li>\n<li>bei Schwierigkeiten in der Zusammenarbeit im Kollegium<\/li>\n<\/ul>\n<p>Beratungsangebote f\u00fcr Sch\u00fclerinnen und Sch\u00fcler:<\/p>\n<ul>\n<li>bei schulischen oder pers\u00f6nlichen Schwierigkeiten (z.B. Schulangst)<\/li>\n<li>bei Problemen mit Mitsch\u00fclerinnen und Mitsch\u00fclern oder Lehrkr\u00e4ften<\/li>\n<\/ul>\n<p>Beratung f\u00fcr Eltern und Sorgeberechtigte:<\/p>\n<ul>\n<li>bei schulbezogenen Problemen<\/li>\n<li>bei famili\u00e4ren Problemen<\/li>\n<li>bei Unstimmigkeiten mit Lehrerinnen und Lehrern<\/li>\n<li>bei Fragen zur Schullaufbahn<\/li>\n<\/ul>\n<p><strong><a href=\"https:\/\/aueschule-finkenwerder.hamburg.de\/wp-content\/uploads\/sites\/153\/2021\/12\/Entwurf-Schweigepflichtsentbindung-Aueschule.pdf\">Schweigepflichtsentbindung Aueschule- Formular zum Ausdrucken<\/a><\/strong><\/p>\n","protected":false},"excerpt":{"rendered":"<p>\u201eDer erste Schritt zur L\u00f6sung eines Problems ist, es mit jemandem zu besprechen.\u201c Peter E. Schumacher Tanja Gust und Beate Franck Wenn es in der Schule nicht so l\u00e4uft wie geplant oder das Leben mal schwerf\u00e4llt, stehen wir Beratungslehrerinnen gern zur Verf\u00fcgung. Alle Eltern und Sorgeberechtigten, Kinder, P\u00e4dagoginnen und P\u00e4dagogen der Aueschule k\u00f6nnen unsere Beratungsangebote &hellip; <a href=\"https:\/\/aueschule-finkenwerder.hamburg.de\/?page_id=2601\" class=\"more-link\"><span class=\"screen-reader-text\">Die Beratungslehrerinnen<\/span> weiterlesen <span class=\"meta-nav\">&rarr;<\/span><\/a><\/p>\n","protected":false},"author":1167,"featured_media":0,"parent":71,"menu_order":0,"comment_status":"closed","ping_status":"closed","template":"","meta":{"_acf_changed":false,"footnotes":""},"class_list":["post-2601","page","type-page","status-publish","hentry"],"acf":[],"_links":{"self":[{"href":"https:\/\/aueschule-finkenwerder.hamburg.de\/index.php?rest_route=\/wp\/v2\/pages\/2601","targetHints":{"allow":["GET"]}}],"collection":[{"href":"https:\/\/aueschule-finkenwerder.hamburg.de\/index.php?rest_route=\/wp\/v2\/pages"}],"about":[{"href":"https:\/\/aueschule-finkenwerder.hamburg.de\/index.php?rest_route=\/wp\/v2\/types\/page"}],"author":[{"embeddable":true,"href":"https:\/\/aueschule-finkenwerder.hamburg.de\/index.php?rest_route=\/wp\/v2\/users\/1167"}],"replies":[{"embeddable":true,"href":"https:\/\/aueschule-finkenwerder.hamburg.de\/index.php?rest_route=%2Fwp%2Fv2%2Fcomments&post=2601"}],"version-history":[{"count":11,"href":"https:\/\/aueschule-finkenwerder.hamburg.de\/index.php?rest_route=\/wp\/v2\/pages\/2601\/revisions"}],"predecessor-version":[{"id":4542,"href":"https:\/\/aueschule-finkenwerder.hamburg.de\/index.php?rest_route=\/wp\/v2\/pages\/2601\/revisions\/4542"}],"up":[{"embeddable":true,"href":"https:\/\/aueschule-finkenwerder.hamburg.de\/index.php?rest_route=\/wp\/v2\/pages\/71"}],"wp:attachment":[{"href":"https:\/\/aueschule-finkenwerder.hamburg.de\/index.php?rest_route=%2Fwp%2Fv2%2Fmedia&parent=2601"}],"curies":[{"name":"wp","href":"https:\/\/api.w.org\/{rel}","templated":true}]}}