{"id":2619,"date":"2020-10-07T12:41:29","date_gmt":"2020-10-07T10:41:29","guid":{"rendered":"https:\/\/aueschule-finkenwerder.hamburg.de\/?page_id=2619"},"modified":"2025-03-27T10:47:52","modified_gmt":"2025-03-27T09:47:52","slug":"leitfaden-fuer-neue-eltern","status":"publish","type":"page","link":"https:\/\/aueschule-finkenwerder.hamburg.de\/?page_id=2619","title":{"rendered":"Leitfaden f\u00fcr neue Eltern"},"content":{"rendered":"<p>Hier finden Sie alle wichtigen Informationen auf einen Blick!<\/p>\n<p>Auch f\u00fcr Eltern, die schon l\u00e4nger dabei sind, k\u00f6nnte der Leitfaden interessant sein.<\/p>\n<p><a href=\"https:\/\/aueschule-finkenwerder.hamburg.de\/wp-content\/uploads\/sites\/153\/2025\/03\/aktueller-Leitfaden-fuer-neue-Eltern-im-Broschuerenformat-2025.pdf\">aktueller Leitfaden f\u00fcr neue Eltern\u00a0<\/a><\/p>\n<p>&nbsp;<\/p>\n","protected":false},"excerpt":{"rendered":"<p>Hier finden Sie alle wichtigen Informationen auf einen Blick! Auch f\u00fcr Eltern, die schon l\u00e4nger dabei sind, k\u00f6nnte der Leitfaden interessant sein. aktueller Leitfaden f\u00fcr neue Eltern\u00a0 &nbsp;<\/p>\n","protected":false},"author":1167,"featured_media":0,"parent":84,"menu_order":0,"comment_status":"closed","ping_status":"closed","template":"","meta":{"_acf_changed":false,"footnotes":""},"class_list":["post-2619","page","type-page","status-publish","hentry"],"acf":[],"_links":{"self":[{"href":"https:\/\/aueschule-finkenwerder.hamburg.de\/index.php?rest_route=\/wp\/v2\/pages\/2619","targetHints":{"allow":["GET"]}}],"collection":[{"href":"https:\/\/aueschule-finkenwerder.hamburg.de\/index.php?rest_route=\/wp\/v2\/pages"}],"about":[{"href":"https:\/\/aueschule-finkenwerder.hamburg.de\/index.php?rest_route=\/wp\/v2\/types\/page"}],"author":[{"embeddable":true,"href":"https:\/\/aueschule-finkenwerder.hamburg.de\/index.php?rest_route=\/wp\/v2\/users\/1167"}],"replies":[{"embeddable":true,"href":"https:\/\/aueschule-finkenwerder.hamburg.de\/index.php?rest_route=%2Fwp%2Fv2%2Fcomments&post=2619"}],"version-history":[{"count":8,"href":"https:\/\/aueschule-finkenwerder.hamburg.de\/index.php?rest_route=\/wp\/v2\/pages\/2619\/revisions"}],"predecessor-version":[{"id":5177,"href":"https:\/\/aueschule-finkenwerder.hamburg.de\/index.php?rest_route=\/wp\/v2\/pages\/2619\/revisions\/5177"}],"up":[{"embeddable":true,"href":"https:\/\/aueschule-finkenwerder.hamburg.de\/index.php?rest_route=\/wp\/v2\/pages\/84"}],"wp:attachment":[{"href":"https:\/\/aueschule-finkenwerder.hamburg.de\/index.php?rest_route=%2Fwp%2Fv2%2Fmedia&parent=2619"}],"curies":[{"name":"wp","href":"https:\/\/api.w.org\/{rel}","templated":true}]}}