{"id":2632,"date":"2020-10-07T13:11:09","date_gmt":"2020-10-07T11:11:09","guid":{"rendered":"https:\/\/aueschule-finkenwerder.hamburg.de\/?page_id=2632"},"modified":"2020-10-07T13:11:09","modified_gmt":"2020-10-07T11:11:09","slug":"der-schuelerrat","status":"publish","type":"page","link":"https:\/\/aueschule-finkenwerder.hamburg.de\/?page_id=2632","title":{"rendered":"Der Sch\u00fclerrat"},"content":{"rendered":"<p><span style=\"font-size: 18pt\"><strong>Sch\u00fclermitbestimmung im Sch\u00fclerrat<\/strong><\/span><\/p>\n<p><span style=\"font-size: 12pt\">Der Sch\u00fclerrat tagt 6x im Jahr gemeinsam mit der Schulleitung. Er setzt sich zusammen aus den 20 Sch\u00fclerinnen und Sch\u00fclern, die zu Jahresbeginn von ihren Klassen zu Klassensprechern gew\u00e4hlt wurden.<\/span><\/p>\n<p><span style=\"font-size: 12pt\">Der <\/span><span style=\"font-size: 14pt\"><span style=\"font-size: 12pt\">Sch\u00fclerrat ist das Bindeglied zwischen den Klassen und der Schulleitung. Die KlassensprecherInnen haben hier die Gelegenheit, W\u00fcnsche, Anregungen und Beschwerden aus den Klassen an die Schulleitung weiterzugeben und mit ihr zu diskutieren. Sie machen auf Missst\u00e4nde aufmerksam und\u00a0suchen gemeinsam nach L\u00f6sungen.<\/span><\/span><\/p>\n<p><span style=\"font-size: 12pt\">Der Sch\u00fclerrat setzt sich aber auch eigene Themen, die wiederum in den Klassenr\u00e4ten besprochen werden. Aufgabe der Schulleitung ist es, Anregungen aus dem Sch\u00fclerrat weiterzugeben an das Kollegium, den Elternrat und wenn n\u00f6tig auch an die GMH (Geb\u00e4ude Management Hamburg).<\/span><\/p>\n<figure id=\"attachment_1017\" aria-describedby=\"caption-attachment-1017\" style=\"width: 459px\" class=\"wp-caption alignnone\"><img loading=\"lazy\" decoding=\"async\" class=\"wp-image-1017\" src=\"https:\/\/aueschule-finkenwerder.hamburg.de\/wp-content\/uploads\/sites\/153\/2018\/03\/DSCN0437-1-300x225.jpg\" alt=\"\" width=\"459\" height=\"344\" srcset=\"https:\/\/aueschule-finkenwerder.hamburg.de\/wp-content\/uploads\/sites\/153\/2018\/03\/DSCN0437-1-300x225.jpg 300w, https:\/\/aueschule-finkenwerder.hamburg.de\/wp-content\/uploads\/sites\/153\/2018\/03\/DSCN0437-1-150x113.jpg 150w, https:\/\/aueschule-finkenwerder.hamburg.de\/wp-content\/uploads\/sites\/153\/2018\/03\/DSCN0437-1-1024x768.jpg 1024w, https:\/\/aueschule-finkenwerder.hamburg.de\/wp-content\/uploads\/sites\/153\/2018\/03\/DSCN0437-1.jpg 2048w\" sizes=\"auto, (max-width: 459px) 100vw, 459px\" \/><figcaption id=\"caption-attachment-1017\" class=\"wp-caption-text\">Die Sch\u00fclerpinnwand &#8211; betreut vom Sch\u00fclerrat<\/figcaption><\/figure>\n<p><span style=\"font-size: 12pt\">Themenschwerpunkte der letzten Sitzungen waren das Mittagessen und die Atmosph\u00e4re in der Mensa, die Gestaltung des Auefr\u00fchst\u00fccks, der Zustand der Sch\u00fclertoiletten, die Schulhofgestaltung, die Gestaltung der Betreuungsr\u00e4ume, die Nutzung des &#8222;Naturschutzgebietes&#8220; auf dem Schulgel\u00e4nde, die Gestaltung des Sportplatzes und Vandalismus in der Schule.<\/span><\/p>\n<p><span style=\"font-size: 12pt\">Au\u00dferdem hat der Sch\u00fclerrat eine\u00a0 <a href=\"https:\/\/aueschule-finkenwerder.hamburg.de\/wp-content\/uploads\/sites\/153\/2018\/03\/Aufgabenbeschreibung-f\u00fcr-Klassensprecher-und-Klassensprecherinnen.pdf\"><strong><span style=\"color: #3366ff\">Aufgabenbeschreibung f\u00fcr Klassensprecher<\/span><\/strong> <\/a>diskutiert und verabschiedet.<\/span><\/p>\n<p><span style=\"font-size: 12pt\">Das wurde in den letzten drei Jahren vom Sch\u00fclerrat angesto\u00dfen, durchgesetzt und mitgestaltet (z.T. mit Unterst\u00fctzung von Eltern, P\u00e4dagogen und der GMH):<\/span><\/p>\n<ul style=\"list-style-type: square\">\n<li>Neugestaltung des Spielplatzes<\/li>\n<li>Neugestaltung des Betreuungsclubs<\/li>\n<li>neue Toiletten in der Pausenhalle<\/li>\n<li>Sch\u00fclerpinnwand in der Pausenhalle<\/li>\n<li>Umsetzung der Tore auf dem Sportplatz<\/li>\n<li>Neuer Fu\u00dfballzaun auf dem Sportplatz<\/li>\n<li>Salatbar jeden Dienstag in der Mensa<\/li>\n<li>Beteiligung der Klassen am w\u00f6chentlichen Speiseplan<\/li>\n<li>verbindliche Klassenratsstunde im Stundenplan\u00a0aller Klassen<\/li>\n<li>Anschaffung einer Sprudelwasseranlage f\u00fcr die Mensa<\/li>\n<\/ul>\n<p>&nbsp;<\/p>\n<p>&nbsp;<\/p>\n","protected":false},"excerpt":{"rendered":"<p>Sch\u00fclermitbestimmung im Sch\u00fclerrat Der Sch\u00fclerrat tagt 6x im Jahr gemeinsam mit der Schulleitung. Er setzt sich zusammen aus den 20 Sch\u00fclerinnen und Sch\u00fclern, die zu Jahresbeginn von ihren Klassen zu Klassensprechern gew\u00e4hlt wurden. Der Sch\u00fclerrat ist das Bindeglied zwischen den Klassen und der Schulleitung. Die KlassensprecherInnen haben hier die Gelegenheit, W\u00fcnsche, Anregungen und Beschwerden aus &hellip; <a href=\"https:\/\/aueschule-finkenwerder.hamburg.de\/?page_id=2632\" class=\"more-link\"><span class=\"screen-reader-text\">Der Sch\u00fclerrat<\/span> weiterlesen <span class=\"meta-nav\">&rarr;<\/span><\/a><\/p>\n","protected":false},"author":1167,"featured_media":0,"parent":24,"menu_order":0,"comment_status":"closed","ping_status":"closed","template":"","meta":{"_acf_changed":false,"footnotes":""},"class_list":["post-2632","page","type-page","status-publish","hentry"],"acf":[],"_links":{"self":[{"href":"https:\/\/aueschule-finkenwerder.hamburg.de\/index.php?rest_route=\/wp\/v2\/pages\/2632","targetHints":{"allow":["GET"]}}],"collection":[{"href":"https:\/\/aueschule-finkenwerder.hamburg.de\/index.php?rest_route=\/wp\/v2\/pages"}],"about":[{"href":"https:\/\/aueschule-finkenwerder.hamburg.de\/index.php?rest_route=\/wp\/v2\/types\/page"}],"author":[{"embeddable":true,"href":"https:\/\/aueschule-finkenwerder.hamburg.de\/index.php?rest_route=\/wp\/v2\/users\/1167"}],"replies":[{"embeddable":true,"href":"https:\/\/aueschule-finkenwerder.hamburg.de\/index.php?rest_route=%2Fwp%2Fv2%2Fcomments&post=2632"}],"version-history":[{"count":1,"href":"https:\/\/aueschule-finkenwerder.hamburg.de\/index.php?rest_route=\/wp\/v2\/pages\/2632\/revisions"}],"predecessor-version":[{"id":2633,"href":"https:\/\/aueschule-finkenwerder.hamburg.de\/index.php?rest_route=\/wp\/v2\/pages\/2632\/revisions\/2633"}],"up":[{"embeddable":true,"href":"https:\/\/aueschule-finkenwerder.hamburg.de\/index.php?rest_route=\/wp\/v2\/pages\/24"}],"wp:attachment":[{"href":"https:\/\/aueschule-finkenwerder.hamburg.de\/index.php?rest_route=%2Fwp%2Fv2%2Fmedia&parent=2632"}],"curies":[{"name":"wp","href":"https:\/\/api.w.org\/{rel}","templated":true}]}}