{"id":2646,"date":"2020-10-07T14:33:11","date_gmt":"2020-10-07T12:33:11","guid":{"rendered":"https:\/\/aueschule-finkenwerder.hamburg.de\/?page_id=2646"},"modified":"2022-04-21T10:55:32","modified_gmt":"2022-04-21T08:55:32","slug":"projekte-ausfluege-2","status":"publish","type":"page","link":"https:\/\/aueschule-finkenwerder.hamburg.de\/?page_id=2646","title":{"rendered":"Feste &amp; Projekte"},"content":{"rendered":"<p>Regelm\u00e4\u00dfige Angebote<\/p>\n<p><strong>Einschulung<\/strong><\/p>\n<p>Es ist einer der aufregendsten Tage an unserer Schule. Selbstverst\u00e4ndlich sind die neuen Schulkinder und deren Eltern gespannt was an diesem Tag passieren wird.\u00a0 F\u00fcr die Einschulung der Vorschulkinder werden immer Viertkl\u00e4ssler eingebunden, um den Schulalltag an unserer Schule zu verdeutlichen. F\u00fcr die Einschulung der Erstkl\u00e4ssler sind die Drittkl\u00e4ssler in Aktion, weil sie immer ein Einschulungstheater einstudieren.<\/p>\n<p><span style=\"text-decoration: underline\">Veranstaltungsberichte:<\/span><\/p>\n<ul>\n<li><a href=\"https:\/\/aueschule-finkenwerder.hamburg.de\/?p=2449\">Einschulungsbericht 2020<\/a><\/li>\n<li><a href=\"https:\/\/aueschule-finkenwerder.hamburg.de\/?p=2088\">Einschulungsbericht 2019<\/a><\/li>\n<li><a href=\"https:\/\/aueschule-finkenwerder.hamburg.de\/?p=1922\">Einschulungsbericht 2018<\/a><\/li>\n<\/ul>\n<hr \/>\n<p><strong>Fu\u00dfball-EM und -WM an der Aueschule<\/strong><\/p>\n<p>Alle zwei Jahre bricht bei uns das Fu\u00dfballfieber aus.<\/p>\n<p><span style=\"text-decoration: underline\">Veranstaltungsberichte:<\/span><\/p>\n<ul>\n<li><a href=\"https:\/\/aueschule-finkenwerder.hamburg.de\/?p=1622\">Fu\u00dfball-WM 2018\u00a0\u00a0<\/a><\/li>\n<li><a href=\"https:\/\/aueschule-finkenwerder.hamburg.de\/?p=544\">Fu\u00dfball-EM 2016<\/a><\/li>\n<\/ul>\n<hr \/>\n<p><strong>Adventssingen<\/strong><\/p>\n<p>An den Montagen nach den Adventssonntagen versammelt sich die ganze Aueschule um den Adventskranz um gemeinsam zu singen.<\/p>\n<p><span style=\"text-decoration: underline\">Veranstaltungsberichte:<\/span><\/p>\n<ul>\n<li><a href=\"https:\/\/aueschule-finkenwerder.hamburg.de\/?p=2854\">Adventssingen 2020<\/a><\/li>\n<\/ul>\n<hr \/>\n<p><strong>Schm\u00f6kerwoche<\/strong><\/p>\n<p>Jedes Jahr steht im Februar das Buch im Mittelpunkt. In den Klassen wird vorgelesen, in B\u00fcchern geschm\u00f6kert und an passenden Projekten gearbeitet. Es kommen auch Autoren\/innen zu uns und laden jeden Jahrgang zu einer Lesung ein.<\/p>\n<p><span style=\"text-decoration: underline\">Veranstaltungsberichte:<\/span><\/p>\n<ul>\n<li><a href=\"https:\/\/aueschule-finkenwerder.hamburg.de\/?p=2232\">Schm\u00f6kerwoche 2020<\/a><\/li>\n<li><a href=\"https:\/\/aueschule-finkenwerder.hamburg.de\/?p=1953\">Schm\u00f6kerwoche 2019<\/a><\/li>\n<li><a href=\"https:\/\/aueschule-finkenwerder.hamburg.de\/?p=944\">Schm\u00f6kerwoche 2018<\/a><\/li>\n<li><a href=\"https:\/\/aueschule-finkenwerder.hamburg.de\/?p=379\">Schm\u00f6kerwoche 2016<\/a><\/li>\n<\/ul>\n<hr \/>\n<p><strong>Fasching<\/strong><\/p>\n<p>Fasching ist auch bei uns ein gro\u00dfes Highlight. In den Klassen wird gemeinsam getanzt, gespielt und gelacht. Zus\u00e4tzlich bereiten einige Kollegen\/innen ein Theaterst\u00fcck vor, dass an diesem Tag den Kindern pr\u00e4sentiert wird.<\/p>\n<p><span style=\"text-decoration: underline\">Veranstaltungsberichte:<\/span><\/p>\n<ul>\n<li><a href=\"https:\/\/aueschule-finkenwerder.hamburg.de\/?p=3271\">Fasching 2021<\/a><\/li>\n<li><a href=\"https:\/\/aueschule-finkenwerder.hamburg.de\/?p=422\">Fasching 2016<\/a><\/li>\n<\/ul>\n<hr \/>\n<p><strong>Projektwoche\/ Projekttag<\/strong><\/p>\n<p>In jedem Jahr wird versucht etwas anderes in den Mittelpunkt zu stellen.<\/p>\n<p><span style=\"text-decoration: underline\">Veranstaltungsberichte:<\/span><\/p>\n<ul>\n<li><a href=\"https:\/\/aueschule-finkenwerder.hamburg.de\/?p=1999\">Trommelzauber 2019<\/a><\/li>\n<li><a href=\"https:\/\/aueschule-finkenwerder.hamburg.de\/?p=1005\">Zirkus 2018 Zeltaufbau<\/a><\/li>\n<li><a href=\"https:\/\/aueschule-finkenwerder.hamburg.de\/?p=1461\">Zirkus 2018 Training<\/a><\/li>\n<li><a href=\"https:\/\/aueschule-finkenwerder.hamburg.de\/?p=1584\">Zirkus 2018 Vorauff\u00fchrung\u00a0<\/a><\/li>\n<li><a href=\"https:\/\/aueschule-finkenwerder.hamburg.de\/?p=1063\">Zirkus 2018<\/a><\/li>\n<\/ul>\n<hr \/>\n<p><strong>Kulturtag<\/strong><\/p>\n<p><span style=\"font-size: 14pt\">Einmal im Jahr holen wir uns Kultur an die Aueschule. Das k\u00f6nnen Musiker sein, ein Theaterst\u00fcck (auch schon mal auf Englisch) oder gerne verwandeln wir die Schule in ein Kino.<\/span><\/p>\n<p><span style=\"text-decoration: underline\">Veranstaltungsberichte:<\/span><\/p>\n<ul>\n<li><a href=\"https:\/\/aueschule-finkenwerder.hamburg.de\/?p=2023\">Kulturtag Mai 2019<\/a><\/li>\n<li><a href=\"https:\/\/aueschule-finkenwerder.hamburg.de\/?p=2161\">Kulturtag\u00a0 September 2019<\/a><\/li>\n<\/ul>\n<hr \/>\n<p><strong>Aueschul-Fr\u00fchst\u00fcck<\/strong><\/p>\n<p>Immer am Gr\u00fcndonnerstag fr\u00fchst\u00fcckt die ganze Schule gemeinsam im Auedrachen.<\/p>\n<p><span style=\"text-decoration: underline\">Veranstaltungsberichte:<\/span><\/p>\n<ul>\n<li><a href=\"https:\/\/aueschule-finkenwerder.hamburg.de\/?p=842\">Fr\u00fchst\u00fcck 2018<\/a><\/li>\n<\/ul>\n<hr \/>\n<p><strong>Sommerkonzert<\/strong><\/p>\n<p>Das musikalische Highlight an unserer Schule.<\/p>\n<p><span style=\"text-decoration: underline\">Veranstaltungsberichte:<\/span><\/p>\n<ul>\n<li><a href=\"https:\/\/aueschule-finkenwerder.hamburg.de\/?p=1592\">Schulkonzert 2018<\/a><\/li>\n<\/ul>\n<hr \/>\n<p><strong>Zu Fu\u00df zur Schule<\/strong><\/p>\n<p>Jedes Jahr nehmen wir an dieser Aktion teil.<\/p>\n<p><span style=\"text-decoration: underline\">Veranstaltungsberichte:<\/span><\/p>\n<ul>\n<li><a href=\"https:\/\/aueschule-finkenwerder.hamburg.de\/?p=3568\">Aktion 2021<\/a><\/li>\n<li><a href=\"https:\/\/aueschule-finkenwerder.hamburg.de\/?p=2472\">Aktion 2020<\/a><\/li>\n<li><a href=\"https:\/\/aueschule-finkenwerder.hamburg.de\/?p=1685\">Aktion 2018<\/a><\/li>\n<li><a href=\"https:\/\/aueschule-finkenwerder.hamburg.de\/?p=1692\">Aktion 2018 Preisverleihung<\/a><\/li>\n<\/ul>\n<hr \/>\n<p><strong>Tag der offenen\u00a0 T\u00fcr<\/strong><\/p>\n<p>An diesem Tag machen wir alle T\u00fcren auf und Sie k\u00f6nnen ein Blick hinter die Kulissen werfen.<\/p>\n<p><span style=\"text-decoration: underline\">Veranstaltungsberichte:<\/span><\/p>\n<ul>\n<li><a href=\"https:\/\/aueschule-finkenwerder.hamburg.de\/?p=1779\">2018<\/a><\/li>\n<\/ul>\n","protected":false},"excerpt":{"rendered":"<p>Regelm\u00e4\u00dfige Angebote Einschulung Es ist einer der aufregendsten Tage an unserer Schule. Selbstverst\u00e4ndlich sind die neuen Schulkinder und deren Eltern gespannt was an diesem Tag passieren wird.\u00a0 F\u00fcr die Einschulung der Vorschulkinder werden immer Viertkl\u00e4ssler eingebunden, um den Schulalltag an unserer Schule zu verdeutlichen. F\u00fcr die Einschulung der Erstkl\u00e4ssler sind die Drittkl\u00e4ssler in Aktion, weil &hellip; <a href=\"https:\/\/aueschule-finkenwerder.hamburg.de\/?page_id=2646\" class=\"more-link\"><span class=\"screen-reader-text\">Feste &amp; Projekte<\/span> weiterlesen <span class=\"meta-nav\">&rarr;<\/span><\/a><\/p>\n","protected":false},"author":1167,"featured_media":0,"parent":24,"menu_order":0,"comment_status":"closed","ping_status":"closed","template":"","meta":{"_acf_changed":false,"footnotes":""},"class_list":["post-2646","page","type-page","status-publish","hentry"],"acf":[],"_links":{"self":[{"href":"https:\/\/aueschule-finkenwerder.hamburg.de\/index.php?rest_route=\/wp\/v2\/pages\/2646","targetHints":{"allow":["GET"]}}],"collection":[{"href":"https:\/\/aueschule-finkenwerder.hamburg.de\/index.php?rest_route=\/wp\/v2\/pages"}],"about":[{"href":"https:\/\/aueschule-finkenwerder.hamburg.de\/index.php?rest_route=\/wp\/v2\/types\/page"}],"author":[{"embeddable":true,"href":"https:\/\/aueschule-finkenwerder.hamburg.de\/index.php?rest_route=\/wp\/v2\/users\/1167"}],"replies":[{"embeddable":true,"href":"https:\/\/aueschule-finkenwerder.hamburg.de\/index.php?rest_route=%2Fwp%2Fv2%2Fcomments&post=2646"}],"version-history":[{"count":32,"href":"https:\/\/aueschule-finkenwerder.hamburg.de\/index.php?rest_route=\/wp\/v2\/pages\/2646\/revisions"}],"predecessor-version":[{"id":3905,"href":"https:\/\/aueschule-finkenwerder.hamburg.de\/index.php?rest_route=\/wp\/v2\/pages\/2646\/revisions\/3905"}],"up":[{"embeddable":true,"href":"https:\/\/aueschule-finkenwerder.hamburg.de\/index.php?rest_route=\/wp\/v2\/pages\/24"}],"wp:attachment":[{"href":"https:\/\/aueschule-finkenwerder.hamburg.de\/index.php?rest_route=%2Fwp%2Fv2%2Fmedia&parent=2646"}],"curies":[{"name":"wp","href":"https:\/\/api.w.org\/{rel}","templated":true}]}}