{"id":2649,"date":"2020-10-07T14:45:22","date_gmt":"2020-10-07T12:45:22","guid":{"rendered":"https:\/\/aueschule-finkenwerder.hamburg.de\/?page_id=2649"},"modified":"2020-11-30T15:52:03","modified_gmt":"2020-11-30T14:52:03","slug":"rund-ums-lernen","status":"publish","type":"page","link":"https:\/\/aueschule-finkenwerder.hamburg.de\/?page_id=2649","title":{"rendered":"Rund ums Lernen"},"content":{"rendered":"<p><span style=\"font-size: 14pt\">Hier sollen unterschiedliche Formen des Lernens an der Aueschule vorgestellt werden.<\/span><\/p>\n<p><a href=\"https:\/\/aueschule-finkenwerder.hamburg.de\/?p=913\"><span style=\"color: #3366ff\"><strong>JeKi &#8211; Jedem Kind ein Instrument<\/strong><\/span><\/a><\/p>\n<p><strong><span style=\"color: #3366ff\"><a style=\"color: #3366ff\" href=\"https:\/\/aueschule-finkenwerder.hamburg.de\/?p=854\">SchAZ- Sch\u00fclerarbeitszeit<\/a><\/span><\/strong><\/p>\n<p><a href=\"https:\/\/aueschule-finkenwerder.hamburg.de\/?p=447\"><strong><span style=\"color: #3366ff\">Das LesementorInnen-Projekt<\/span><\/strong><\/a><\/p>\n<p><a href=\"https:\/\/aueschule-finkenwerder.hamburg.de\/?p=382\"><span style=\"color: #3366ff\"><strong>Arbeiten in der Holzwerkstatt<\/strong><\/span><\/a><\/p>\n<p><a href=\"https:\/\/aueschule-finkenwerder.hamburg.de\/?page_id=149\"><strong><span style=\"color: #3366ff\">Nutzung der Sch\u00fclerb\u00fccherei<\/span> <\/strong><\/a><\/p>\n<p><a href=\"https:\/\/aueschule-finkenwerder.hamburg.de\/?p=452\"><strong><span style=\"color: #3366ff\">Singen im Schulchor<\/span><\/strong><\/a><\/p>\n<p><a href=\"https:\/\/aueschule-finkenwerder.hamburg.de\/?p=870\"><span style=\"color: #3366ff\"><strong>Arbeiten in der Mathewerkstatt<\/strong><\/span><\/a><\/p>\n<p><a href=\"https:\/\/aueschule-finkenwerder.hamburg.de\/?p=898\"><strong><span style=\"color: #3366ff\">Theater und Musik im Auedrachen<\/span><\/strong><\/a><\/p>\n<p><a href=\"https:\/\/aueschule-finkenwerder.hamburg.de\/?p=903\"><span style=\"color: #3366ff\"><strong>Kochen in der Sch\u00fclerk\u00fcche<\/strong><\/span><\/a><\/p>\n<p><a href=\"https:\/\/aueschule-finkenwerder.hamburg.de\/?p=904\"><span style=\"color: #3366ff\"><strong>Nutzung des Computerraums<\/strong><\/span><\/a><\/p>\n<p><strong><span style=\"color: #3366ff\"><a style=\"color: #3366ff\" href=\"https:\/\/aueschule-finkenwerder.hamburg.de\/?p=871\">Arbeiten im Forschungsraum<\/a><\/span><\/strong><\/p>\n<p>&nbsp;<\/p>\n","protected":false},"excerpt":{"rendered":"<p>Hier sollen unterschiedliche Formen des Lernens an der Aueschule vorgestellt werden. JeKi &#8211; Jedem Kind ein Instrument SchAZ- Sch\u00fclerarbeitszeit Das LesementorInnen-Projekt Arbeiten in der Holzwerkstatt Nutzung der Sch\u00fclerb\u00fccherei Singen im Schulchor Arbeiten in der Mathewerkstatt Theater und Musik im Auedrachen Kochen in der Sch\u00fclerk\u00fcche Nutzung des Computerraums Arbeiten im Forschungsraum &nbsp;<\/p>\n","protected":false},"author":1167,"featured_media":0,"parent":0,"menu_order":0,"comment_status":"closed","ping_status":"closed","template":"","meta":{"_acf_changed":false,"footnotes":""},"class_list":["post-2649","page","type-page","status-publish","hentry"],"acf":[],"_links":{"self":[{"href":"https:\/\/aueschule-finkenwerder.hamburg.de\/index.php?rest_route=\/wp\/v2\/pages\/2649","targetHints":{"allow":["GET"]}}],"collection":[{"href":"https:\/\/aueschule-finkenwerder.hamburg.de\/index.php?rest_route=\/wp\/v2\/pages"}],"about":[{"href":"https:\/\/aueschule-finkenwerder.hamburg.de\/index.php?rest_route=\/wp\/v2\/types\/page"}],"author":[{"embeddable":true,"href":"https:\/\/aueschule-finkenwerder.hamburg.de\/index.php?rest_route=\/wp\/v2\/users\/1167"}],"replies":[{"embeddable":true,"href":"https:\/\/aueschule-finkenwerder.hamburg.de\/index.php?rest_route=%2Fwp%2Fv2%2Fcomments&post=2649"}],"version-history":[{"count":6,"href":"https:\/\/aueschule-finkenwerder.hamburg.de\/index.php?rest_route=\/wp\/v2\/pages\/2649\/revisions"}],"predecessor-version":[{"id":2816,"href":"https:\/\/aueschule-finkenwerder.hamburg.de\/index.php?rest_route=\/wp\/v2\/pages\/2649\/revisions\/2816"}],"wp:attachment":[{"href":"https:\/\/aueschule-finkenwerder.hamburg.de\/index.php?rest_route=%2Fwp%2Fv2%2Fmedia&parent=2649"}],"curies":[{"name":"wp","href":"https:\/\/api.w.org\/{rel}","templated":true}]}}