{"id":2669,"date":"2020-10-12T13:32:53","date_gmt":"2020-10-12T11:32:53","guid":{"rendered":"https:\/\/aueschule-finkenwerder.hamburg.de\/?page_id=2669"},"modified":"2024-06-14T15:58:12","modified_gmt":"2024-06-14T13:58:12","slug":"lesen-mit-biss","status":"publish","type":"page","link":"https:\/\/aueschule-finkenwerder.hamburg.de\/?page_id=2669","title":{"rendered":"Lesen mit BiSS (Bildung durch Sprache und Schrift)"},"content":{"rendered":"<p>Schon 2019 hat sich das gesamte Kollegium der Aueschule intensiv mit dem BiSS Projekt und den dazu geh\u00f6renden Rahmenbedingungen auseinander gesetzt. Das deutschlandweite Sprachf\u00f6rderprojekt, das gemeinsam von Bund und L\u00e4ndern getragen wird, unterst\u00fctzt und begleitet P\u00e4dagogen bei ihrer t\u00e4glichen Arbeit in der sprachlichen Bildung. Das Ziel dieser Arbeit ist die F\u00f6rderung der Lesefl\u00fcssigkeit. Es hat sich gezeigt, dass sich schon nach kurzer, aber regelm\u00e4\u00dfiger Lesezeit von t\u00e4glich 20 Minuten das Lesetempo bei allen Kindern enorm erh\u00f6ht hat. Wer schneller liest hat Zeit, um sich mit dem Inhalt des Gelesenen auseinanderzusetzen, der individuelle Wortschatz wird erweitert und das Lesen mit Ausdruck wird trainiert.<\/p>\n<p>Bei uns an der Aueschule ist hierf\u00fcr im Stundenplan das sogenannte \u201eLeseband\u201c fest verankert. T\u00e4glich in der Zeit von 12.40 bis 13.00 Uhr wird in den Jahrgangstufen 2-4 gelesen.<\/p>\n<p>Einen sehr guten Eindruck von diesem Leseprozess mit unterschiedlichen Lesemethoden (Tandem-Lesen mit Trainer und Sportler, gemeinsames, murmelndes Lesen, H\u00f6rbuchlesen, Ich-Du-Wir-Lesen etc.) bekommt man auf der Internetseite von BiSS, Text und Informationsfilm:<\/p>\n<p><a href=\"http:\/\/www.biss-sprachbildung.de\/lesefoerderung-hamburg-ausgeweitet\/\">http:\/\/www.biss-sprachbildung.de\/lesefoerderung-hamburg-ausgeweitet\/<\/a><\/p>\n<p>Welche Methode wann und wie lange in einer Klasse trainiert wird, entscheiden die Lehrkr\u00e4fte gemeinsam mit den Kindern \u2013 so kann die Motivation zum t\u00e4glichen Lesen aufrechterhalten werden.<\/p>\n<p>Um ausreichend Lesestoff f\u00fcr alle Kinder zu haben, wurde die schuleigene Sch\u00fclerb\u00fccherei um viele tolle und neue B\u00fccher in Klassenst\u00e4rke erweitert, ein Aufbewahrungsraum mit guter \u00dcbersicht und Ausleihsystem wurde eingerichtete und B\u00fccherkisten wurden f\u00fcr den Transport angeschafft, so dass das t\u00e4gliche Lese-Ritual reibungslos von statten gehen kann.<\/p>\n<p>Das besondere bei diesem regionalen BiSS Projekt an der Aueschule ist der \u201eFinkenwerder Weg\u201c, der die jetzigen 2. Klassen bis in die 9. Klasse der weiterf\u00fchrenden Schulen wissenschaftlich begleitet \u2013 ein Pilotprojekt.<\/p>\n<p>Seit Sommer 2021 beteiligen sich auch die Vorschulklassen am\u00a0 Projekt (BiSS-Transfer-Verbund \u201eF\u00f6rderung fr\u00fcher literaler F\u00e4higkeiten).<\/p>\n","protected":false},"excerpt":{"rendered":"<p>Schon 2019 hat sich das gesamte Kollegium der Aueschule intensiv mit dem BiSS Projekt und den dazu geh\u00f6renden Rahmenbedingungen auseinander gesetzt. Das deutschlandweite Sprachf\u00f6rderprojekt, das gemeinsam von Bund und L\u00e4ndern getragen wird, unterst\u00fctzt und begleitet P\u00e4dagogen bei ihrer t\u00e4glichen Arbeit in der sprachlichen Bildung. Das Ziel dieser Arbeit ist die F\u00f6rderung der Lesefl\u00fcssigkeit. Es hat &hellip; <a href=\"https:\/\/aueschule-finkenwerder.hamburg.de\/?page_id=2669\" class=\"more-link\"><span class=\"screen-reader-text\">Lesen mit BiSS (Bildung durch Sprache und Schrift)<\/span> weiterlesen <span class=\"meta-nav\">&rarr;<\/span><\/a><\/p>\n","protected":false},"author":1167,"featured_media":0,"parent":0,"menu_order":0,"comment_status":"closed","ping_status":"closed","template":"","meta":{"_acf_changed":false,"footnotes":""},"class_list":["post-2669","page","type-page","status-publish","hentry"],"acf":[],"_links":{"self":[{"href":"https:\/\/aueschule-finkenwerder.hamburg.de\/index.php?rest_route=\/wp\/v2\/pages\/2669","targetHints":{"allow":["GET"]}}],"collection":[{"href":"https:\/\/aueschule-finkenwerder.hamburg.de\/index.php?rest_route=\/wp\/v2\/pages"}],"about":[{"href":"https:\/\/aueschule-finkenwerder.hamburg.de\/index.php?rest_route=\/wp\/v2\/types\/page"}],"author":[{"embeddable":true,"href":"https:\/\/aueschule-finkenwerder.hamburg.de\/index.php?rest_route=\/wp\/v2\/users\/1167"}],"replies":[{"embeddable":true,"href":"https:\/\/aueschule-finkenwerder.hamburg.de\/index.php?rest_route=%2Fwp%2Fv2%2Fcomments&post=2669"}],"version-history":[{"count":4,"href":"https:\/\/aueschule-finkenwerder.hamburg.de\/index.php?rest_route=\/wp\/v2\/pages\/2669\/revisions"}],"predecessor-version":[{"id":4846,"href":"https:\/\/aueschule-finkenwerder.hamburg.de\/index.php?rest_route=\/wp\/v2\/pages\/2669\/revisions\/4846"}],"wp:attachment":[{"href":"https:\/\/aueschule-finkenwerder.hamburg.de\/index.php?rest_route=%2Fwp%2Fv2%2Fmedia&parent=2669"}],"curies":[{"name":"wp","href":"https:\/\/api.w.org\/{rel}","templated":true}]}}