{"id":30,"date":"2015-02-24T16:34:13","date_gmt":"2015-02-24T15:34:13","guid":{"rendered":"http:\/\/aueschule-finkenwerder.schulhomepages.hamburg.de\/?page_id=30"},"modified":"2020-12-15T20:09:43","modified_gmt":"2020-12-15T19:09:43","slug":"kinderseiten","status":"publish","type":"page","link":"https:\/\/aueschule-finkenwerder.hamburg.de\/?page_id=30","title":{"rendered":"Kinderseiten"},"content":{"rendered":"<p>Auf den<span style=\"color: #333333\"><strong> Kinderseiten<\/strong> <\/span>k\u00f6nnen unsere Sch\u00fcler von ihren Erlebnissen im Schulleben erz\u00e4hlen und besondere Ergebnisse ihrer Lernarbeit vorstellen.<\/p>\n<p>Nehmt Kontakt auf mit den Verantwortlichen f\u00fcr die Homepage (wer das ist, erfahrt ihr bei der Schulleitung) oder schreibt eine Email an <a href=\"mailto:aueschule-finkenwerder@bsb.hamburg.de\">aueschule-finkenwerder@bsb.hamburg.de<\/a><\/p>\n<p>&nbsp;<\/p>\n<p>&nbsp;<\/p>\n","protected":false},"excerpt":{"rendered":"<p>Auf den Kinderseiten k\u00f6nnen unsere Sch\u00fcler von ihren Erlebnissen im Schulleben erz\u00e4hlen und besondere Ergebnisse ihrer Lernarbeit vorstellen. Nehmt Kontakt auf mit den Verantwortlichen f\u00fcr die Homepage (wer das ist, erfahrt ihr bei der Schulleitung) oder schreibt eine Email an aueschule-finkenwerder@bsb.hamburg.de &nbsp; &nbsp;<\/p>\n","protected":false},"author":242,"featured_media":0,"parent":0,"menu_order":0,"comment_status":"closed","ping_status":"closed","template":"","meta":{"_acf_changed":false,"footnotes":""},"class_list":["post-30","page","type-page","status-publish","hentry"],"acf":[],"_links":{"self":[{"href":"https:\/\/aueschule-finkenwerder.hamburg.de\/index.php?rest_route=\/wp\/v2\/pages\/30","targetHints":{"allow":["GET"]}}],"collection":[{"href":"https:\/\/aueschule-finkenwerder.hamburg.de\/index.php?rest_route=\/wp\/v2\/pages"}],"about":[{"href":"https:\/\/aueschule-finkenwerder.hamburg.de\/index.php?rest_route=\/wp\/v2\/types\/page"}],"author":[{"embeddable":true,"href":"https:\/\/aueschule-finkenwerder.hamburg.de\/index.php?rest_route=\/wp\/v2\/users\/242"}],"replies":[{"embeddable":true,"href":"https:\/\/aueschule-finkenwerder.hamburg.de\/index.php?rest_route=%2Fwp%2Fv2%2Fcomments&post=30"}],"version-history":[{"count":3,"href":"https:\/\/aueschule-finkenwerder.hamburg.de\/index.php?rest_route=\/wp\/v2\/pages\/30\/revisions"}],"predecessor-version":[{"id":3047,"href":"https:\/\/aueschule-finkenwerder.hamburg.de\/index.php?rest_route=\/wp\/v2\/pages\/30\/revisions\/3047"}],"wp:attachment":[{"href":"https:\/\/aueschule-finkenwerder.hamburg.de\/index.php?rest_route=%2Fwp%2Fv2%2Fmedia&parent=30"}],"curies":[{"name":"wp","href":"https:\/\/api.w.org\/{rel}","templated":true}]}}