{"id":38,"date":"2015-02-24T16:36:18","date_gmt":"2015-02-24T15:36:18","guid":{"rendered":"http:\/\/aueschule-finkenwerder.schulhomepages.hamburg.de\/?page_id=38"},"modified":"2020-10-06T18:25:45","modified_gmt":"2020-10-06T16:25:45","slug":"archiv-2","status":"publish","type":"page","link":"https:\/\/aueschule-finkenwerder.hamburg.de\/?page_id=38","title":{"rendered":"Archiv (alt)"},"content":{"rendered":"<p>Auf dieser Seite gibt\u00a0es <span style=\"color: #0000ff\"><strong>Links<\/strong><\/span> zu alten Berichten aus dem Schulleben der Aueschule.<\/p>\n<p>Hier sind\u00a0auch die <span style=\"color: #800080\"><strong>Seiten der alten Homepage<\/strong><\/span> zu\u00a0finden:<\/p>\n<p><span style=\"color: #0000ff\"><a style=\"color: #0000ff\" href=\"https:\/\/aueschule-finkenwerder.hamburg.de\/wp-content\/uploads\/sites\/153\/2016\/02\/Angebotszeit.pdf\" target=\"_blank\" rel=\"noopener noreferrer\">Angebotszeit<\/a><\/span><br \/>\n<span style=\"color: #0000ff\"><a style=\"color: #0000ff\" href=\"https:\/\/aueschule-finkenwerder.hamburg.de\/wp-content\/uploads\/sites\/153\/2016\/02\/Auet\u00f6ne.pdf\" target=\"_blank\" rel=\"noopener noreferrer\">Auet\u00f6ne<\/a><\/span><br \/>\n<span style=\"color: #0000ff\"><a style=\"color: #0000ff\" href=\"https:\/\/aueschule-finkenwerder.hamburg.de\/wp-content\/uploads\/sites\/153\/2016\/02\/Auf-nach-Kittlitz-Klasse-1a.pdf\" target=\"_blank\" rel=\"noopener noreferrer\">Auf nach Kittlitz, Klasse 1a<\/a><\/span><br \/>\n<span style=\"color: #0000ff\"><a style=\"color: #0000ff\" href=\"https:\/\/aueschule-finkenwerder.hamburg.de\/wp-content\/uploads\/sites\/153\/2016\/02\/Comenius-Bericht-aus-Polen.pdf\" target=\"_blank\" rel=\"noopener noreferrer\">Comenius, Bericht aus Polen<\/a><\/span><br \/>\n<span style=\"color: #0000ff\"><a style=\"color: #0000ff\" href=\"https:\/\/aueschule-finkenwerder.hamburg.de\/wp-content\/uploads\/sites\/153\/2020\/02\/Comenius-Europa-zu-Gast-in-der-Aueschule.pdf\" target=\"_blank\" rel=\"noopener noreferrer\">Comenius, Europa zu Gast in der Aueschule<\/a><\/span><br \/>\n<span style=\"color: #0000ff\"><a style=\"color: #0000ff\" href=\"https:\/\/aueschule-finkenwerder.hamburg.de\/wp-content\/uploads\/sites\/153\/2016\/02\/Comenius.pdf\" target=\"_blank\" rel=\"noopener noreferrer\">Comenius<\/a><\/span><br \/>\n<span style=\"color: #0000ff\"><a style=\"color: #0000ff\" href=\"https:\/\/aueschule-finkenwerder.hamburg.de\/wp-content\/uploads\/sites\/153\/2016\/02\/Deutschkurs-f\u00fcr-t\u00fcrkische-M\u00fctter.pdf\" target=\"_blank\" rel=\"noopener noreferrer\">Deutschkurs f\u00fcr t\u00fcrkische M\u00fctter<\/a><\/span><br \/>\n<span style=\"color: #0000ff\"><a style=\"color: #0000ff\" href=\"https:\/\/aueschule-finkenwerder.hamburg.de\/wp-content\/uploads\/sites\/153\/2016\/02\/Elternaktion-22Sicheres-Fahrrad22.pdf\" target=\"_blank\" rel=\"noopener noreferrer\">Elternaktion Sicheres Fahrrad<\/a><\/span><br \/>\n<span style=\"color: #0000ff\"><a style=\"color: #0000ff\" href=\"https:\/\/aueschule-finkenwerder.hamburg.de\/wp-content\/uploads\/sites\/153\/2016\/02\/Fasching.pdf\" target=\"_blank\" rel=\"noopener noreferrer\">Fasching<\/a><\/span><br \/>\n<span style=\"color: #0000ff\"><a style=\"color: #0000ff\" href=\"https:\/\/aueschule-finkenwerder.hamburg.de\/wp-content\/uploads\/sites\/153\/2016\/02\/Faustlos.pdf\" target=\"_blank\" rel=\"noopener noreferrer\">Faustlos<\/a><\/span><br \/>\n<span style=\"color: #0000ff\"><a style=\"color: #0000ff\" href=\"https:\/\/aueschule-finkenwerder.hamburg.de\/wp-content\/uploads\/sites\/153\/2016\/02\/Ganz-sch\u00f6n-fit-die-Auel\u00e4ufer.pdf\" target=\"_blank\" rel=\"noopener noreferrer\">Ganz sch\u00f6n fit, die Auel\u00e4ufer<\/a><\/span><br \/>\n<span style=\"color: #0000ff\"><a style=\"color: #0000ff\" href=\"https:\/\/aueschule-finkenwerder.hamburg.de\/wp-content\/uploads\/sites\/153\/2016\/02\/Ganztagsschule.pdf\" target=\"_blank\" rel=\"noopener noreferrer\">Ganztagsschule<\/a><\/span><br \/>\n<span style=\"color: #0000ff\"><a style=\"color: #0000ff\" href=\"https:\/\/aueschule-finkenwerder.hamburg.de\/wp-content\/uploads\/sites\/153\/2016\/02\/Gro\u00dfer-Erfolg-f\u00fcr-Schachspieler-der-Aueschule.pdf\" target=\"_blank\" rel=\"noopener noreferrer\">Gro\u00dfer Erfolg f\u00fcr Schachspieler der Aueschule!<\/a><\/span><br \/>\n<span style=\"color: #0000ff\"><a style=\"color: #0000ff\" href=\"https:\/\/aueschule-finkenwerder.hamburg.de\/wp-content\/uploads\/sites\/153\/2020\/02\/Hilfe-f\u00fcr-Obdachlose-im-Winter.pdf\" target=\"_blank\" rel=\"noopener noreferrer\">Hilfe f\u00fcr Obdachlose im Winter<\/a><br \/>\n<\/span><span style=\"color: #0000ff\"><a style=\"color: #0000ff\" href=\"https:\/\/aueschule-finkenwerder.hamburg.de\/wp-content\/uploads\/sites\/153\/2016\/02\/Holzwerkstatt.pdf\" target=\"_blank\" rel=\"noopener noreferrer\">Holzwerkstatt<\/a><\/span><br \/>\n<span style=\"color: #0000ff\"><a style=\"color: #0000ff\" href=\"https:\/\/aueschule-finkenwerder.hamburg.de\/i-klassen\/\" target=\"_blank\" rel=\"noopener noreferrer\">I-Klassen<\/a><\/span><br \/>\n<span style=\"color: #0000ff\"><a style=\"color: #0000ff\" href=\"https:\/\/aueschule-finkenwerder.hamburg.de\/wp-content\/uploads\/sites\/153\/2016\/02\/IR-Klassen.pdf\" target=\"_blank\" rel=\"noopener noreferrer\">IR-Klassen<\/a><\/span><br \/>\n<span style=\"color: #0000ff\"><a style=\"color: #0000ff\" href=\"https:\/\/aueschule-finkenwerder.hamburg.de\/jahrgangsuebergreifend-lernen\/\" target=\"_blank\" rel=\"noopener noreferrer\">Jahrgangs\u00fcbergreifend Lernen<\/a><\/span><br \/>\n<span style=\"color: #0000ff\"><a style=\"color: #0000ff\" href=\"https:\/\/aueschule-finkenwerder.hamburg.de\/wp-content\/uploads\/sites\/153\/2016\/02\/JeKi.pdf\" target=\"_blank\" rel=\"noopener noreferrer\">JeKi<\/a><\/span><br \/>\n<span style=\"color: #0000ff\"><a style=\"color: #0000ff\" href=\"https:\/\/aueschule-finkenwerder.hamburg.de\/wp-content\/uploads\/sites\/153\/2016\/02\/Kinderseiten.pdf\" target=\"_blank\" rel=\"noopener noreferrer\">Kinderseiten<\/a><\/span><br \/>\n<span style=\"color: #0000ff\"><a style=\"color: #0000ff\" href=\"https:\/\/aueschule-finkenwerder.hamburg.de\/wp-content\/uploads\/sites\/153\/2020\/02\/Klasse-4b-im-Vakuumlabor-der-DESY.pdf\" target=\"_blank\" rel=\"noopener noreferrer\">Klasse 4b im Vakuumlabor der Desy<\/a><br \/>\n<\/span><span style=\"color: #0000ff\"><a style=\"color: #0000ff\" href=\"https:\/\/aueschule-finkenwerder.hamburg.de\/wp-content\/uploads\/sites\/153\/2016\/02\/Kletterkugel-eingeweiht.pdf\" target=\"_blank\" rel=\"noopener noreferrer\">Kletterkugel eingeweiht<\/a><\/span><br \/>\n<span style=\"color: #0000ff\"><a style=\"color: #0000ff\" href=\"https:\/\/aueschule-finkenwerder.hamburg.de\/wp-content\/uploads\/sites\/153\/2016\/02\/MUS.E-Plakettenverleihung.pdf\" target=\"_blank\" rel=\"noopener noreferrer\">MUS.E Plakettenverleihung<\/a><\/span><br \/>\n<span style=\"color: #0000ff\"><a style=\"color: #0000ff\" href=\"https:\/\/aueschule-finkenwerder.hamburg.de\/wp-content\/uploads\/sites\/153\/2016\/02\/MUS.E.pdf\" target=\"_blank\" rel=\"noopener noreferrer\">MUS.E<\/a><\/span><br \/>\n<span style=\"color: #0000ff\"><a style=\"color: #0000ff\" href=\"https:\/\/aueschule-finkenwerder.hamburg.de\/wp-content\/uploads\/sites\/153\/2016\/02\/Musikangebote.pdf\" target=\"_blank\" rel=\"noopener noreferrer\">Musikangebot<\/a>e<\/span><br \/>\n<span style=\"color: #0000ff\"><a style=\"color: #0000ff\" href=\"https:\/\/aueschule-finkenwerder.hamburg.de\/wp-content\/uploads\/sites\/153\/2016\/02\/Neues-von-Theater-und-Schule-TuSch.pdf\" target=\"_blank\" rel=\"noopener noreferrer\">Neues von Theater und Schule &#8211; TuSch<\/a><\/span><br \/>\n<span style=\"color: #0000ff\"><a style=\"color: #0000ff\" href=\"https:\/\/aueschule-finkenwerder.hamburg.de\/wp-content\/uploads\/sites\/153\/2016\/02\/Primarschule-\u2013-aber-wie.pdf\" target=\"_blank\" rel=\"noopener noreferrer\">Primarschule \u2013 aber wie<\/a><\/span><br \/>\n<span style=\"color: #0000ff\"><a style=\"color: #0000ff\" href=\"https:\/\/aueschule-finkenwerder.hamburg.de\/wp-content\/uploads\/sites\/153\/2016\/02\/Schach.pdf\" target=\"_blank\" rel=\"noopener noreferrer\">Schach<\/a><\/span><br \/>\n<span style=\"color: #0000ff\"><a style=\"color: #0000ff\" href=\"https:\/\/aueschule-finkenwerder.hamburg.de\/wp-content\/uploads\/sites\/153\/2016\/02\/Schm\u00f6kerwoche.pdf\" target=\"_blank\" rel=\"noopener noreferrer\">Schm\u00f6kerwoche<\/a><\/span><br \/>\n<span style=\"color: #0000ff\"><a style=\"color: #0000ff\" href=\"https:\/\/aueschule-finkenwerder.hamburg.de\/wp-content\/uploads\/sites\/153\/2016\/02\/Schulchor.pdf\" target=\"_blank\" rel=\"noopener noreferrer\">Schulchor<\/a><\/span><br \/>\n<span style=\"color: #0000ff\"><a style=\"color: #0000ff\" href=\"https:\/\/aueschule-finkenwerder.hamburg.de\/wp-content\/uploads\/sites\/153\/2016\/02\/Schule-f\u00fcr-alle.pdf\" target=\"_blank\" rel=\"noopener noreferrer\">Schule f\u00fcr alle<\/a><\/span><br \/>\n<span style=\"color: #0000ff\"><a style=\"color: #0000ff\" href=\"https:\/\/aueschule-finkenwerder.hamburg.de\/wp-content\/uploads\/sites\/153\/2016\/02\/Sch\u00fclerb\u00fccherei.pdf\" target=\"_blank\" rel=\"noopener noreferrer\">Sch\u00fclerb\u00fccherei<\/a><\/span><br \/>\n<span style=\"color: #0000ff\"><a style=\"color: #0000ff\" href=\"https:\/\/aueschule-finkenwerder.hamburg.de\/wp-content\/uploads\/sites\/153\/2016\/02\/Schulk\u00fcche.pdf\" target=\"_blank\" rel=\"noopener noreferrer\">Schulk\u00fcche<\/a><\/span><br \/>\n<span style=\"color: #0000ff\"><a style=\"color: #0000ff\" href=\"https:\/\/aueschule-finkenwerder.hamburg.de\/wp-content\/uploads\/sites\/153\/2016\/02\/Schulleben.pdf\" target=\"_blank\" rel=\"noopener noreferrer\">Schulleben<\/a><\/span><br \/>\n<span style=\"color: #0000ff\"><a style=\"color: #0000ff\" href=\"https:\/\/aueschule-finkenwerder.hamburg.de\/wp-content\/uploads\/sites\/153\/2016\/02\/Schulverein-der-Aueschule.pdf\" target=\"_blank\" rel=\"noopener noreferrer\">Schulverein der Aueschule<\/a><\/span><br \/>\n<span style=\"color: #0000ff\"><a style=\"color: #0000ff\" href=\"https:\/\/aueschule-finkenwerder.hamburg.de\/wp-content\/uploads\/sites\/153\/2016\/02\/Schwerpunkt-musische-Erziehung.pdf\" target=\"_blank\" rel=\"noopener noreferrer\">Schwerpunkt musische Erziehung<\/a><br \/>\n<a style=\"color: #0000ff\" href=\"https:\/\/aueschule-finkenwerder.hamburg.de\/wp-content\/uploads\/sites\/153\/2020\/02\/Sommerfest-2016.pdf\" target=\"_blank\" rel=\"noopener noreferrer\">Sommerfest 2016<\/a><\/span><br \/>\n<span style=\"color: #0000ff\"><a style=\"color: #0000ff\" href=\"https:\/\/aueschule-finkenwerder.hamburg.de\/wp-content\/uploads\/sites\/153\/2016\/02\/Sommerkonzert-2007.pdf\" target=\"_blank\" rel=\"noopener noreferrer\">Sommerkonzert 2007<\/a><\/span><br \/>\n<span style=\"color: #0000ff\"><a style=\"color: #0000ff\" href=\"https:\/\/aueschule-finkenwerder.hamburg.de\/wp-content\/uploads\/sites\/153\/2016\/02\/Sommerkonzert-2008.pdf\" target=\"_blank\" rel=\"noopener noreferrer\">Sommerkonzert 2008<\/a><\/span><br \/>\n<span style=\"color: #0000ff\"><a style=\"color: #0000ff\" href=\"https:\/\/aueschule-finkenwerder.hamburg.de\/wp-content\/uploads\/sites\/153\/2016\/02\/Sommerkonzert.pdf\" target=\"_blank\" rel=\"noopener noreferrer\">Sommerkonzert<\/a><\/span><br \/>\n<span style=\"color: #0000ff\"><a style=\"color: #0000ff\" href=\"https:\/\/aueschule-finkenwerder.hamburg.de\/wp-content\/uploads\/sites\/153\/2016\/02\/Startseite.pdf\" target=\"_blank\" rel=\"noopener noreferrer\">Startseite<\/a><\/span><br \/>\n<span style=\"color: #0000ff\"><a style=\"color: #0000ff\" href=\"https:\/\/aueschule-finkenwerder.hamburg.de\/wp-content\/uploads\/sites\/153\/2016\/02\/Tag-der-offenen-T\u00fcr-Kittlitz.pdf\" target=\"_blank\" rel=\"noopener noreferrer\">Tag der offenen T\u00fcr Kittlitz<\/a><\/span><br \/>\n<span style=\"color: #0000ff\"><a style=\"color: #0000ff\" href=\"https:\/\/aueschule-finkenwerder.hamburg.de\/wp-content\/uploads\/sites\/153\/2016\/02\/Teamarbeit-auf-allen-Ebenen.pdf\" target=\"_blank\" rel=\"noopener noreferrer\">Teamarbeit auf allen Ebenen<\/a><\/span><br \/>\n<span style=\"color: #0000ff\"><a style=\"color: #0000ff\" href=\"https:\/\/aueschule-finkenwerder.hamburg.de\/wp-content\/uploads\/sites\/153\/2016\/02\/Theater-TmS-Klasse-4c.pdf\" target=\"_blank\" rel=\"noopener noreferrer\">Theater TmS Klasse 4c<\/a><\/span><br \/>\n<span style=\"color: #0000ff\"><a style=\"color: #0000ff\" href=\"https:\/\/aueschule-finkenwerder.hamburg.de\/wp-content\/uploads\/sites\/153\/2016\/02\/Theater-TuSch-2.Klassen.pdf\" target=\"_blank\" rel=\"noopener noreferrer\">Theater TuSch 2.Klassen<\/a><\/span><br \/>\n<span style=\"color: #0000ff\"><a style=\"color: #0000ff\" href=\"https:\/\/aueschule-finkenwerder.hamburg.de\/wp-content\/uploads\/sites\/153\/2016\/02\/Theater-TuSch-4.Klassen.pdf\" target=\"_blank\" rel=\"noopener noreferrer\">Theater TuSch 4.Klassen<\/a><\/span><br \/>\n<span style=\"color: #0000ff\"><a style=\"color: #0000ff\" href=\"https:\/\/aueschule-finkenwerder.hamburg.de\/wp-content\/uploads\/sites\/153\/2016\/02\/Theater-TuSch-Klasse-3b.pdf\" target=\"_blank\" rel=\"noopener noreferrer\">Theater TuSch Klasse 3b<\/a><\/span><br \/>\n<span style=\"color: #0000ff\"><a style=\"color: #0000ff\" href=\"https:\/\/aueschule-finkenwerder.hamburg.de\/wp-content\/uploads\/sites\/153\/2016\/02\/Theater.pdf\" target=\"_blank\" rel=\"noopener noreferrer\">Theater<\/a><\/span><br \/>\n<span style=\"color: #0000ff\"><a style=\"color: #0000ff\" href=\"https:\/\/aueschule-finkenwerder.hamburg.de\/wp-content\/uploads\/sites\/153\/2016\/02\/TUTTI-f\u00fcr-Alle.pdf\" target=\"_blank\" rel=\"noopener noreferrer\">TUTTI f\u00fcr Alle<\/a><\/span><br \/>\n<span style=\"color: #0000ff\"><a style=\"color: #0000ff\" href=\"https:\/\/aueschule-finkenwerder.hamburg.de\/wp-content\/uploads\/sites\/153\/2016\/02\/Unser-Schulhaus-und-das-Gel\u00e4nde.pdf\" target=\"_blank\" rel=\"noopener noreferrer\">Unser Schulhaus und das Gel\u00e4nde<\/a><\/span><br \/>\n<span style=\"color: #0000ff\"><a style=\"color: #0000ff\" href=\"https:\/\/aueschule-finkenwerder.hamburg.de\/wp-content\/uploads\/sites\/153\/2016\/02\/Unsere-Klasse-ist-beim-Volkslauf-mitgelaufen.pdf\" target=\"_blank\" rel=\"noopener noreferrer\">Unsere Klasse ist beim Volkslauf mitgelaufen<\/a><\/span><br \/>\n<span style=\"color: #0000ff\"><a style=\"color: #0000ff\" href=\"https:\/\/aueschule-finkenwerder.hamburg.de\/wp-content\/uploads\/sites\/153\/2016\/02\/Unsere-Klassenreise-nach-Kittlitz-im-September-2007.pdf\" target=\"_blank\" rel=\"noopener noreferrer\">Unsere Klassenreise nach Kittlitz im September 2007<\/a><\/span><br \/>\n<span style=\"color: #0000ff\"><a style=\"color: #0000ff\" href=\"https:\/\/aueschule-finkenwerder.hamburg.de\/wp-content\/uploads\/sites\/153\/2020\/02\/Unsere-Schm\u00f6kerwoche.pdf\" target=\"_blank\" rel=\"noopener noreferrer\">Unsere Schm\u00f6kerwoche<\/a><\/span><br \/>\n<span style=\"color: #0000ff\"><a style=\"color: #0000ff\" href=\"https:\/\/aueschule-finkenwerder.hamburg.de\/wp-content\/uploads\/sites\/153\/2016\/02\/Vorschulklassen.pdf\" target=\"_blank\" rel=\"noopener noreferrer\">Vorschulklassen<\/a><\/span><br \/>\n<span style=\"color: #0000ff\"><a style=\"color: #0000ff\" href=\"https:\/\/aueschule-finkenwerder.hamburg.de\/wp-content\/uploads\/sites\/153\/2016\/02\/Weihnachtskonzert-der-Auet\u00f6ne.pdf\" target=\"_blank\" rel=\"noopener noreferrer\">Weihnachtskonzert der Auet\u00f6ne<\/a><\/span><br \/>\n<span style=\"color: #0000ff\"><a style=\"color: #0000ff\" href=\"https:\/\/aueschule-finkenwerder.hamburg.de\/wp-content\/uploads\/sites\/153\/2016\/02\/Wer-macht-bei-uns-was.pdf\" target=\"_blank\" rel=\"noopener noreferrer\">Wer macht bei uns was<\/a><\/span><br \/>\n<span style=\"color: #0000ff\"><a style=\"color: #0000ff\" href=\"https:\/\/aueschule-finkenwerder.hamburg.de\/wp-content\/uploads\/sites\/153\/2016\/02\/Wir-im-Stadtteil.pdf\" target=\"_blank\" rel=\"noopener noreferrer\">Wir im Stadtteil<\/a><br \/>\n<\/span><span style=\"color: #0000ff\"><a style=\"color: #0000ff\" href=\"https:\/\/aueschule-finkenwerder.hamburg.de\/wp-content\/uploads\/sites\/153\/2020\/02\/Wir-schreiben-unsere-eigenen-M\u00e4rchen.pdf\" target=\"_blank\" rel=\"noopener noreferrer\">Wir schreiben unsere eigenen M\u00e4rchen &#8211; Schm\u00f6kerwoche 2018, 4b<\/a><\/span><\/p>\n","protected":false},"excerpt":{"rendered":"<p>Auf dieser Seite gibt\u00a0es Links zu alten Berichten aus dem Schulleben der Aueschule. Hier sind\u00a0auch die Seiten der alten Homepage zu\u00a0finden: Angebotszeit Auet\u00f6ne Auf nach Kittlitz, Klasse 1a Comenius, Bericht aus Polen Comenius, Europa zu Gast in der Aueschule Comenius Deutschkurs f\u00fcr t\u00fcrkische M\u00fctter Elternaktion Sicheres Fahrrad Fasching Faustlos Ganz sch\u00f6n fit, die Auel\u00e4ufer Ganztagsschule &hellip; <a href=\"https:\/\/aueschule-finkenwerder.hamburg.de\/?page_id=38\" class=\"more-link\"><span class=\"screen-reader-text\">Archiv (alt)<\/span> weiterlesen <span class=\"meta-nav\">&rarr;<\/span><\/a><\/p>\n","protected":false},"author":242,"featured_media":0,"parent":0,"menu_order":0,"comment_status":"closed","ping_status":"closed","template":"","meta":{"_acf_changed":false,"footnotes":""},"class_list":["post-38","page","type-page","status-publish","hentry"],"acf":[],"_links":{"self":[{"href":"https:\/\/aueschule-finkenwerder.hamburg.de\/index.php?rest_route=\/wp\/v2\/pages\/38","targetHints":{"allow":["GET"]}}],"collection":[{"href":"https:\/\/aueschule-finkenwerder.hamburg.de\/index.php?rest_route=\/wp\/v2\/pages"}],"about":[{"href":"https:\/\/aueschule-finkenwerder.hamburg.de\/index.php?rest_route=\/wp\/v2\/types\/page"}],"author":[{"embeddable":true,"href":"https:\/\/aueschule-finkenwerder.hamburg.de\/index.php?rest_route=\/wp\/v2\/users\/242"}],"replies":[{"embeddable":true,"href":"https:\/\/aueschule-finkenwerder.hamburg.de\/index.php?rest_route=%2Fwp%2Fv2%2Fcomments&post=38"}],"version-history":[{"count":2,"href":"https:\/\/aueschule-finkenwerder.hamburg.de\/index.php?rest_route=\/wp\/v2\/pages\/38\/revisions"}],"predecessor-version":[{"id":2559,"href":"https:\/\/aueschule-finkenwerder.hamburg.de\/index.php?rest_route=\/wp\/v2\/pages\/38\/revisions\/2559"}],"wp:attachment":[{"href":"https:\/\/aueschule-finkenwerder.hamburg.de\/index.php?rest_route=%2Fwp%2Fv2%2Fmedia&parent=38"}],"curies":[{"name":"wp","href":"https:\/\/api.w.org\/{rel}","templated":true}]}}