{"id":457,"date":"2016-03-02T17:08:12","date_gmt":"2016-03-02T16:08:12","guid":{"rendered":"http:\/\/aueschule-finkenwerder.hamburg.de\/?page_id=457"},"modified":"2016-03-02T18:03:14","modified_gmt":"2016-03-02T17:03:14","slug":"unsere-schulregeln","status":"publish","type":"page","link":"https:\/\/aueschule-finkenwerder.hamburg.de\/?page_id=457","title":{"rendered":"Schulregeln der Aueschule"},"content":{"rendered":"<p>Die <strong><span style=\"color: #3366ff\">Schulregeln der Aueschule<\/span><\/strong> &#8211; sozusagen unser <span style=\"color: #3366ff\"><strong>Grundgesetz<\/strong><\/span> &#8211; \u00a0sind im Rahmen einer intensiven Auseinandersetzung des Kollegiums mit dem Thema \u201eRegeln\u201c in einer umfangreichen Lehrerfortbildung entstanden und in den schulischen Gremien verabschiedet worden.<br \/>\nSie sollen von allen Kindern und Eltern und der Schulleitung unterschrieben werden.<br \/>\nEs gibt eine <strong><span style=\"color: #3366ff\">Langform<\/span><\/strong>, die der Besprechung mit den Kindern dient und eine <span style=\"color: #3366ff\"><strong>Kurzform<\/strong><\/span> zur Unterzeichnung durch alle Beteiligten (siehe Link unten). Die <strong><span style=\"color: #3366ff\">Pr\u00e4ambel<\/span><\/strong> dr\u00fcckt die Leitidee aus.<\/p>\n<div class=\"page\" title=\"Page 1\">\n<div class=\"layoutArea\">\n<h1 class=\"column\" style=\"text-align: center\"><span style=\"color: #3366ff\">Unsere Sch<span style=\"font-size: 18pt\">ul<\/span>regeln<\/span><\/h1>\n<div class=\"column\">\n<div class=\"page\" title=\"Page 1\">\n<div class=\"layoutArea\">\n<h6 style=\"text-align: center\">Leitsatz:<\/h6>\n<table style=\"border-color: #3a5fcf;background-color: #c2dbfc\">\n<tbody>\n<tr>\n<td style=\"text-align: center\"><strong><span style=\"font-size: 12pt\">Wir wollen eine friedliche Aueschule, in der sich jeder<br \/>\nwohl f\u00fchlen kann!<\/span><\/strong><\/td>\n<\/tr>\n<\/tbody>\n<\/table>\n<div class=\"page\" title=\"Page 1\">\n<div class=\"section\">\n<div class=\"layoutArea\">\n<div class=\"column\">\n<h4 style=\"text-align: center\">Pr\u00e4ambel<\/h4>\n<p style=\"text-align: left\">\u00dcberall dort, wo viele Menschen miteinander leben, gelten Regeln. Diese Regeln m\u00fcssen von allen eingehalten werden, damit jeder sich wohl f\u00fchlen kann und zu seinem Recht kommt.<\/p>\n<div class=\"page\" title=\"Page 1\">\n<div class=\"layoutArea\">\n<div class=\"column\">\n<p>In unserer Schule treffen viele unterschiedliche Menschen zusammen: Gro\u00dfe und kleine, starke und schwache, M\u00e4dchen und Jungen, Kinder und Erwachsene, Christen und Muslime, Kinder mit heller und Kinder mit dunkler Hautfarbe. So verschieden die Menschen auch sind, sie haben alle die gleichen Rechte.<\/p>\n<p>Damit wir gut zusammenleben k\u00f6nnen, haben wir gemeinsam Regeln aufgestellt.\u00a0Auch diese Regeln gelten f\u00fcr alle. Jeder und jede ist daf\u00fcr verantwortlich, die Regeln einzuhalten. Dazu geh\u00f6ren alle Kinder und auch die Schulleitung, alle Lehrerinnen, alle P\u00e4dagogen, die Eltern, die Schulsekret\u00e4rin und der Hausmeister.<\/p>\n<p>Wenn du in einen Streit ger\u00e4tst, so versuche zun\u00e4chst, den Streit im Guten zu l\u00f6sen. Wenn dir das nicht gelingt, so wende dich bitte an deine Klassenlehrerin \/ den Klassenlehrer oder die Pausenaufsicht. Diese Erwachsenen werden entscheiden, wie dir am besten geholfen werden kann.<\/p>\n<table style=\"border-color: #3a5fcf;background-color: #c2dbfc\">\n<tbody>\n<tr>\n<td style=\"text-align: center\"><strong><span style=\"font-size: 12pt\">Behandle andere in der Aueschule so freundlich und hilfsbereit, wie du selbst behandelt werden m\u00f6chtest!<\/span><\/strong><\/td>\n<\/tr>\n<\/tbody>\n<\/table>\n<\/div>\n<\/div>\n<\/div>\n<\/div>\n<\/div>\n<\/div>\n<\/div>\n<\/div>\n<\/div>\n<\/div>\n<\/div>\n<\/div>\n<h4 style=\"text-align: center\">Dies sind die Regeln, die an unserer Schule gelten:<\/h4>\n<table style=\"border-color: #3a5fcf;background-color: #c2dbfc\">\n<tbody>\n<tr>\n<td style=\"text-align: center\"><span style=\"font-size: 12pt\">I<strong>ch tue niemandem weh.<\/strong><\/span><\/td>\n<\/tr>\n<\/tbody>\n<\/table>\n<div class=\"page\" title=\"Page 2\">\n<div class=\"layoutArea\">\n<div class=\"column\">\n<p>Ich darf andere nicht treten, schlagen, w\u00fcrgen, kratzen, bei\u00dfen, schubsen, bespucken, \u201eantatschen\u201c oder ihnen\u00a0einen Beinhaken stellen.<\/p>\n<table style=\"background-color: #c2dbfc;border-color: #3a5fcf\">\n<tbody>\n<tr>\n<td style=\"text-align: center\"><strong><span style=\"font-size: 12pt\">Ich besch\u00e4dige keine Gegenst\u00e4nde, Pflanzen und Tiere.<\/span><\/strong><\/td>\n<\/tr>\n<\/tbody>\n<\/table>\n<div class=\"page\" title=\"Page 3\">\n<div class=\"layoutArea\">\n<div class=\"column\">\n<p>Das Schulgel\u00e4nde und das Schulgeb\u00e4ude ist f\u00fcr alle da und soll deshalb in Ordnung gehalten werden. Wenn ich Sachen und Pflanzen besch\u00e4dige, dann muss ich das wieder gut machen.<\/p>\n<table style=\"background-color: #c2dbfc;border-color: #3a5fcf\">\n<tbody>\n<tr>\n<td style=\"text-align: center\"><strong><span style=\"font-size: 12pt\">Ich beleidige und beschimpfe niemanden.<\/span><\/strong><\/td>\n<\/tr>\n<\/tbody>\n<\/table>\n<div class=\"page\" title=\"Page 4\">\n<div class=\"layoutArea\">\n<div class=\"column\">\n<p>Beleidigungen und Beschimpfungen sind alle W\u00f6rter und S\u00e4tze, die andere nicht m\u00f6gen.<\/p>\n<table style=\"background-color: #c2dbfc;border-color: #3a5fcf\">\n<tbody>\n<tr>\n<td style=\"text-align: center\"><strong><span style=\"font-size: 12pt\">Ich erpresse und bedrohe niemanden.<\/span><\/strong><br \/>\n<strong><span style=\"font-size: 12pt\"> Ich mache nicht mit, wenn andere \u00a0ein Kind \u00e4rgern, schlagen oder bedrohen.<\/span><\/strong><\/td>\n<\/tr>\n<\/tbody>\n<\/table>\n<div class=\"page\" title=\"Page 5\">\n<div class=\"layoutArea\">\n<div class=\"column\">\n<p>Bedrohung und Erpressung f\u00e4ngt oft mit \u201eschlimmen W\u00f6rtern\u201c an. Dazu geh\u00f6rt auch k\u00f6rperliche Gewalt und wenn ich ein Kind zwinge, mir etwas von ihm zu geben, z.B. Geld oder S\u00fc\u00dfigkeiten. Manchmal greifen mehrere Kinder ein Kind an, spielen nicht mit ihm, lachen es aus oder qu\u00e4len und \u00e4ngstigen es.<\/p>\n<table style=\"background-color: #c2dbfc;border-color: #3a5fcf\">\n<tbody>\n<tr>\n<td style=\"text-align: center\"><strong><span style=\"font-size: 12pt\">Ich nehme anderen nichts weg.<\/span><\/strong><\/td>\n<\/tr>\n<\/tbody>\n<\/table>\n<div class=\"page\" title=\"Page 6\">\n<div class=\"layoutArea\">\n<div class=\"column\">\n<p>Ich nehme Dinge nicht einfach so weg.<br \/>\nWenn ich mir etwas von einem Kind ausleihen m\u00f6chte, dann frage ich.<\/p>\n<table style=\"background-color: #c2dbfc;border-color: #3a5fcf\">\n<tbody>\n<tr>\n<td style=\"text-align: center\"><strong><span style=\"font-size: 12pt\">Ich beachte die STOPP-Regel.<\/span><\/strong><\/td>\n<\/tr>\n<\/tbody>\n<\/table>\n<\/div>\n<\/div>\n<\/div>\n<\/div>\n<\/div>\n<\/div>\n<\/div>\n<\/div>\n<\/div>\n<\/div>\n<\/div>\n<\/div>\n<\/div>\n<\/div>\n<\/div>\n<p>&nbsp;<\/p>\n<p><strong><a href=\"https:\/\/aueschule-finkenwerder.hamburg.de\/wp-content\/uploads\/sites\/153\/2016\/03\/Schulregeln-Kurzform.pdf\" target=\"_blank\">Hier kann die PDF-Datei heruntergeladen werden.<\/a><\/strong><\/p>\n","protected":false},"excerpt":{"rendered":"<p>Die Schulregeln der Aueschule &#8211; sozusagen unser Grundgesetz &#8211; \u00a0sind im Rahmen einer intensiven Auseinandersetzung des Kollegiums mit dem Thema \u201eRegeln\u201c in einer umfangreichen Lehrerfortbildung entstanden und in den schulischen Gremien verabschiedet worden. Sie sollen von allen Kindern und Eltern und der Schulleitung unterschrieben werden. Es gibt eine Langform, die der Besprechung mit den Kindern &hellip; <a href=\"https:\/\/aueschule-finkenwerder.hamburg.de\/?page_id=457\" class=\"more-link\"><span class=\"screen-reader-text\">Schulregeln der Aueschule<\/span> weiterlesen <span class=\"meta-nav\">&rarr;<\/span><\/a><\/p>\n","protected":false},"author":470,"featured_media":0,"parent":0,"menu_order":0,"comment_status":"closed","ping_status":"closed","template":"","meta":{"_acf_changed":false,"footnotes":""},"class_list":["post-457","page","type-page","status-publish","hentry"],"acf":[],"_links":{"self":[{"href":"https:\/\/aueschule-finkenwerder.hamburg.de\/index.php?rest_route=\/wp\/v2\/pages\/457","targetHints":{"allow":["GET"]}}],"collection":[{"href":"https:\/\/aueschule-finkenwerder.hamburg.de\/index.php?rest_route=\/wp\/v2\/pages"}],"about":[{"href":"https:\/\/aueschule-finkenwerder.hamburg.de\/index.php?rest_route=\/wp\/v2\/types\/page"}],"author":[{"embeddable":true,"href":"https:\/\/aueschule-finkenwerder.hamburg.de\/index.php?rest_route=\/wp\/v2\/users\/470"}],"replies":[{"embeddable":true,"href":"https:\/\/aueschule-finkenwerder.hamburg.de\/index.php?rest_route=%2Fwp%2Fv2%2Fcomments&post=457"}],"version-history":[{"count":1,"href":"https:\/\/aueschule-finkenwerder.hamburg.de\/index.php?rest_route=\/wp\/v2\/pages\/457\/revisions"}],"predecessor-version":[{"id":458,"href":"https:\/\/aueschule-finkenwerder.hamburg.de\/index.php?rest_route=\/wp\/v2\/pages\/457\/revisions\/458"}],"wp:attachment":[{"href":"https:\/\/aueschule-finkenwerder.hamburg.de\/index.php?rest_route=%2Fwp%2Fv2%2Fmedia&parent=457"}],"curies":[{"name":"wp","href":"https:\/\/api.w.org\/{rel}","templated":true}]}}