{"id":5079,"date":"2024-12-15T18:28:53","date_gmt":"2024-12-15T17:28:53","guid":{"rendered":"https:\/\/aueschule-finkenwerder.hamburg.de\/?page_id=5079"},"modified":"2024-12-15T19:31:11","modified_gmt":"2024-12-15T18:31:11","slug":"begabtenfoerderung","status":"publish","type":"page","link":"https:\/\/aueschule-finkenwerder.hamburg.de\/?page_id=5079","title":{"rendered":"Begabtenf\u00f6rderung"},"content":{"rendered":"<p><strong>Unsere Fachkraft f\u00fcr Begabtenf\u00f6rderung (FBF)<\/strong><\/p>\n<p>Frau Ciuchini ist f\u00fcr alle Fragen rund um das Thema Begabung f\u00fcr Sie da.<\/p>\n<p>Alle Infos finden Sie <a href=\"https:\/\/aueschule-finkenwerder.hamburg.de\/wp-content\/uploads\/sites\/153\/2024\/10\/Begabtenfoerderung-an-der-Aueschule.pdf\">hier<\/a><\/p>\n","protected":false},"excerpt":{"rendered":"<p>Unsere Fachkraft f\u00fcr Begabtenf\u00f6rderung (FBF) Frau Ciuchini ist f\u00fcr alle Fragen rund um das Thema Begabung f\u00fcr Sie da. Alle Infos finden Sie hier<\/p>\n","protected":false},"author":2090,"featured_media":0,"parent":71,"menu_order":0,"comment_status":"closed","ping_status":"closed","template":"","meta":{"_acf_changed":false,"footnotes":""},"class_list":["post-5079","page","type-page","status-publish","hentry"],"acf":[],"_links":{"self":[{"href":"https:\/\/aueschule-finkenwerder.hamburg.de\/index.php?rest_route=\/wp\/v2\/pages\/5079","targetHints":{"allow":["GET"]}}],"collection":[{"href":"https:\/\/aueschule-finkenwerder.hamburg.de\/index.php?rest_route=\/wp\/v2\/pages"}],"about":[{"href":"https:\/\/aueschule-finkenwerder.hamburg.de\/index.php?rest_route=\/wp\/v2\/types\/page"}],"author":[{"embeddable":true,"href":"https:\/\/aueschule-finkenwerder.hamburg.de\/index.php?rest_route=\/wp\/v2\/users\/2090"}],"replies":[{"embeddable":true,"href":"https:\/\/aueschule-finkenwerder.hamburg.de\/index.php?rest_route=%2Fwp%2Fv2%2Fcomments&post=5079"}],"version-history":[{"count":4,"href":"https:\/\/aueschule-finkenwerder.hamburg.de\/index.php?rest_route=\/wp\/v2\/pages\/5079\/revisions"}],"predecessor-version":[{"id":5097,"href":"https:\/\/aueschule-finkenwerder.hamburg.de\/index.php?rest_route=\/wp\/v2\/pages\/5079\/revisions\/5097"}],"up":[{"embeddable":true,"href":"https:\/\/aueschule-finkenwerder.hamburg.de\/index.php?rest_route=\/wp\/v2\/pages\/71"}],"wp:attachment":[{"href":"https:\/\/aueschule-finkenwerder.hamburg.de\/index.php?rest_route=%2Fwp%2Fv2%2Fmedia&parent=5079"}],"curies":[{"name":"wp","href":"https:\/\/api.w.org\/{rel}","templated":true}]}}