{"id":84,"date":"2015-12-16T17:26:25","date_gmt":"2015-12-16T16:26:25","guid":{"rendered":"http:\/\/aueschule-finkenwerder.hamburg.de\/?page_id=84"},"modified":"2024-10-16T17:27:58","modified_gmt":"2024-10-16T15:27:58","slug":"die-aueschule-2","status":"publish","type":"page","link":"https:\/\/aueschule-finkenwerder.hamburg.de\/?page_id=84","title":{"rendered":"Die Aueschule"},"content":{"rendered":"<h5><span style=\"font-size: 18pt\">Unsere Aueschule<\/span><\/h5>\n<p>Die Aueschule ist eine <span style=\"color: #3366ff\"><span style=\"color: #333333\">zweiz\u00fcgige<\/span><a style=\"color: #3366ff\" href=\"https:\/\/aueschule-finkenwerder.hamburg.de\/?page_id=151\"><strong> inklusive Grundschule<\/strong><\/a><\/span>, die auf einem sehr gro\u00dfz\u00fcgigen Gel\u00e4nde liegt, das vielf\u00e4ltige M\u00f6glichkeiten f\u00fcr Sport und Spiel bietet. Neben dem Schulhof gibt es einen eigenen Sportplatz. Auf Initiative des Elternrats ist im Herbst 2017 auf dem Spielplatz zus\u00e4tzlich ein gro\u00dfartiger <span style=\"color: #3366ff\"><strong><a href=\"https:\/\/aueschule-finkenwerder.hamburg.de\/?p=756\"><span style=\"color: #3366ff\">Klettergarten<\/span><\/a>\u00a0<\/strong> <\/span>entstanden.<\/p>\n<p>Die <a href=\"https:\/\/aueschule-finkenwerder.hamburg.de\/?page_id=115\"><strong><span style=\"color: #3366ff\">Geschichte der Aueschule<\/span><\/strong><\/a> reicht zur\u00fcck in das Jahr 1827.<\/p>\n<p>Das Kollegium setzt sich zusammen aus GrundschullehrerInnen, Sonderp\u00e4dagogInnen, ErzieherInnen und Sozialp\u00e4dagogInnen. Sie arbeiten in <strong>Teams<\/strong> zusammen und versuchen so mit ihren unterschiedlichen Professionen m\u00f6glichst allen Kindern in vielen Bereichen gerecht zu werden.<\/p>\n<p>Im Rahmen der <a href=\"https:\/\/aueschule-finkenwerder.hamburg.de\/?page_id=20\"><span style=\"color: #3366ff\"><strong>Ganztagsschule <\/strong><\/span><\/a><span style=\"color: #333333\">besch\u00e4ftigen wir zudem Honorarkr\u00e4fte, die das Angebot an unsere Sch\u00fclerInnen mit ihren besonderen F\u00e4higkeiten bereichern.<\/span><\/p>\n<p>Wir verstehen uns als <a href=\"https:\/\/aueschule-finkenwerder.hamburg.de\/?page_id=22\"><strong><span style=\"color: #008080\"><span style=\"color: #3366ff\">EINE SCHULE F\u00dcR ALLE<\/span><\/span><\/strong><\/a> Grundschulkinder unseres Einzugsgebiets unabh\u00e4ngig von deren individuellen F\u00f6rderbedarfen. Um dem Anspruch einer bestm\u00f6glichen F\u00f6rderung aller Sch\u00fclerInnen gerecht zu werden, arbeiten wir st\u00e4ndig daran, unseren Unterricht zu verbessern. Deshalb beteiligen wir uns auch seit einigen Jahren am Schulversuch <a href=\"http:\/\/www.hamburg.de\/alleskoenner\"><span style=\"background-color: #ffffff;color: #3366ff\"><strong>alles&gt;&gt;k\u00f6nner<\/strong><\/span><span style=\"color: #333333\"> .<\/span><\/a><\/p>\n<p><span style=\"color: #333333\">Die Aueschule verf\u00fcgt \u00fcber eine <a href=\"https:\/\/aueschule-finkenwerder.hamburg.de\/?p=903\"><span style=\"color: #008080\"><strong><span style=\"color: #3366ff\">Sch\u00fclerk\u00fcche<\/span><\/strong><\/span><\/a>, eine <a href=\"https:\/\/aueschule-finkenwerder.hamburg.de\/?p=382\"><strong><span style=\"color: #3366ff\">Holzwerkstatt<\/span><\/strong><\/a>, einen Computerraum, eine <span style=\"color: #3366ff\"><strong><a style=\"color: #3366ff\" href=\"https:\/\/aueschule-finkenwerder.hamburg.de\/?page_id=149\">Sch\u00fclerb\u00fccherei<\/a><\/strong><\/span>, einen Forscherraum, eine <span style=\"color: #3366ff\"><a style=\"color: #3366ff\" href=\"https:\/\/aueschule-finkenwerder.hamburg.de\/?p=870\"><strong>Mathewerkstatt<\/strong><\/a>,<\/span> zwei Musikr\u00e4ume, eine Turnhalle und eine Aula, den sogenannten \u201e<span style=\"color: #3366ff\"><a style=\"color: #3366ff\" href=\"https:\/\/aueschule-finkenwerder.hamburg.de\/?p=898\"><strong>Auedrachen<\/strong><\/a><\/span>\u201c, in dem die Kinder u.a. ihr<\/span> <span style=\"color: #3366ff\"><a style=\"color: #3366ff\" href=\"https:\/\/aueschule-finkenwerder.hamburg.de\/?page_id=40\"><strong>Mittagessen<\/strong><\/a> <\/span>zu sich nehmen.<br \/>\nHier finden auch immer wieder unsere Konzerte und Theaterauff\u00fchrungen statt.<\/p>\n<p>Um die Schulgemeinschaft zu st\u00e4rken finden regelm\u00e4\u00dfig klassen\u00fcbergreifende <a href=\"https:\/\/aueschule-finkenwerder.hamburg.de\/?p=893\"><strong><span style=\"color: #3366ff\">Projekte<\/span> <\/strong><\/a>und Aktionen statt. Eine im Stundenplan fest verankerte Klassenratsstunde und regelm\u00e4\u00dfige Sch\u00fclerratssitzungen unterst\u00fctzen die Sch\u00fclerbeteiligung an wichtigen Planungen und Entscheidungen. Viermal im Jahr findet eine <span style=\"color: #333333\"><strong>Schulversammlung<\/strong><\/span> statt, in der alle Sch\u00fclerInnen und LehreInnen zusammenkommen.<\/p>\n<p>In den w\u00f6chentlich stattfindenden <a href=\"https:\/\/aueschule-finkenwerder.hamburg.de\/?page_id=3920\">Profilkurse<\/a> (montags Klasse 2\/ donnerstags Klasse 3 und 4) w\u00e4hlen die Kinder zweimal im Jahr einen Kurs aus. Hier k\u00f6nnen sie ihre Interessen vertiefen und sich neuen Herausforderungen stellen.<\/p>\n<p>Die Aueschule ist <a href=\"http:\/\/www.hamburg.de\/jeki\/\"><strong><span style=\"color: #3366ff\">JeKi-Schule<\/span><\/strong><\/a> (Jedem Kind ein Instrument). Dabei werden wir unterst\u00fctzt von unserem Kooperationspartner der\u00a0 <a href=\"https:\/\/www.musikinsel-finkenwerder.de\/\"><strong><span style=\"color: #3366ff\">Musikinsel<\/span><\/strong><span style=\"color: #3366ff\"> <strong>F<\/strong><\/span><\/a><span style=\"color: #3366ff\"><strong>inkenwerder<span style=\"color: #333333\">. <\/span><\/strong><span style=\"color: #333333\">Unser Musikschwerpunkt beinhaltet aber auch einen <a href=\"https:\/\/aueschule-finkenwerder.hamburg.de\/?p=452\"><strong><span style=\"color: #3366ff\">Schulchor<\/span><\/strong><\/a>, ein Schulorchester, sowie Theater- und Kunstkurse. <\/span><\/span><\/p>\n<p><span style=\"color: #3366ff\"><strong>Links:<\/strong><\/span><\/p>\n<p><strong><a href=\"https:\/\/aueschule-finkenwerder.hamburg.de\/?page_id=68\" target=\"_blank\" rel=\"noopener\"><span style=\"color: #3366ff\">Aktuelle Termine<\/span><\/a><\/strong><\/p>\n<p><span style=\"color: #3366ff\"><a style=\"color: #3366ff\" href=\"https:\/\/aueschule-finkenwerder.hamburg.de\/?page_id=71\" target=\"_blank\" rel=\"noopener\"><strong>Wer macht was?\u00a0<\/strong><\/a><\/span><\/p>\n<p><span style=\"color: #3366ff\"><strong><a style=\"color: #3366ff\" href=\"https:\/\/aueschule-finkenwerder.hamburg.de\/?page_id=457\">Schulregeln der Aueschule<\/a><\/strong><\/span><\/p>\n<p><a href=\"https:\/\/aueschule-finkenwerder.hamburg.de\/wp-content\/uploads\/sites\/153\/2018\/05\/\u00fcberarbeiteter-Leitfaden-f\u00fcr-neue-Eltern-im-Brosch\u00fcrenformat.pdf\"><span style=\"color: #3366ff\"><strong>Leitfaden f\u00fcr neue Eltern<\/strong><\/span><\/a><\/p>\n<p><a href=\"https:\/\/aueschule-finkenwerder.hamburg.de\/?page_id=4920\">Der Elternrat im Schuljahr 2024\/2025<\/a><\/p>\n","protected":false},"excerpt":{"rendered":"<p>Unsere Aueschule Die Aueschule ist eine zweiz\u00fcgige inklusive Grundschule, die auf einem sehr gro\u00dfz\u00fcgigen Gel\u00e4nde liegt, das vielf\u00e4ltige M\u00f6glichkeiten f\u00fcr Sport und Spiel bietet. Neben dem Schulhof gibt es einen eigenen Sportplatz. Auf Initiative des Elternrats ist im Herbst 2017 auf dem Spielplatz zus\u00e4tzlich ein gro\u00dfartiger Klettergarten\u00a0 entstanden. Die Geschichte der Aueschule reicht zur\u00fcck in &hellip; <a href=\"https:\/\/aueschule-finkenwerder.hamburg.de\/?page_id=84\" class=\"more-link\"><span class=\"screen-reader-text\">Die Aueschule<\/span> weiterlesen <span class=\"meta-nav\">&rarr;<\/span><\/a><\/p>\n","protected":false},"author":470,"featured_media":860,"parent":0,"menu_order":0,"comment_status":"closed","ping_status":"closed","template":"","meta":{"_acf_changed":false,"footnotes":""},"class_list":["post-84","page","type-page","status-publish","has-post-thumbnail","hentry"],"acf":[],"_links":{"self":[{"href":"https:\/\/aueschule-finkenwerder.hamburg.de\/index.php?rest_route=\/wp\/v2\/pages\/84","targetHints":{"allow":["GET"]}}],"collection":[{"href":"https:\/\/aueschule-finkenwerder.hamburg.de\/index.php?rest_route=\/wp\/v2\/pages"}],"about":[{"href":"https:\/\/aueschule-finkenwerder.hamburg.de\/index.php?rest_route=\/wp\/v2\/types\/page"}],"author":[{"embeddable":true,"href":"https:\/\/aueschule-finkenwerder.hamburg.de\/index.php?rest_route=\/wp\/v2\/users\/470"}],"replies":[{"embeddable":true,"href":"https:\/\/aueschule-finkenwerder.hamburg.de\/index.php?rest_route=%2Fwp%2Fv2%2Fcomments&post=84"}],"version-history":[{"count":6,"href":"https:\/\/aueschule-finkenwerder.hamburg.de\/index.php?rest_route=\/wp\/v2\/pages\/84\/revisions"}],"predecessor-version":[{"id":4942,"href":"https:\/\/aueschule-finkenwerder.hamburg.de\/index.php?rest_route=\/wp\/v2\/pages\/84\/revisions\/4942"}],"wp:featuredmedia":[{"embeddable":true,"href":"https:\/\/aueschule-finkenwerder.hamburg.de\/index.php?rest_route=\/wp\/v2\/media\/860"}],"wp:attachment":[{"href":"https:\/\/aueschule-finkenwerder.hamburg.de\/index.php?rest_route=%2Fwp%2Fv2%2Fmedia&parent=84"}],"curies":[{"name":"wp","href":"https:\/\/api.w.org\/{rel}","templated":true}]}}